{"id":1049,"date":"2022-10-24T14:02:55","date_gmt":"2022-10-24T14:02:55","guid":{"rendered":"https:\/\/demo.athemes.com\/botiga-jewelry-el\/my-account\/"},"modified":"2022-10-24T14:02:55","modified_gmt":"2022-10-24T14:02:55","slug":"my-account-2","status":"publish","type":"page","link":"https:\/\/sj-jubiler.com\/?page_id=1049","title":{"rendered":"My account"},"content":{"rendered":"<div class=\"woocommerce\"><div class=\"woocommerce-notices-wrapper\"><\/div>\n\n<div class=\"u-columns col2-set\" id=\"customer_login\">\n\n\t<div class=\"u-column1 col-1\">\n\n\n\t\t<h2>Logowanie<\/h2>\n\n\t\t<form class=\"woocommerce-form woocommerce-form-login login\" method=\"post\" novalidate>\n\n\t\t\t\n\t\t\t<p class=\"woocommerce-form-row woocommerce-form-row--wide form-row form-row-wide\">\n\t\t\t\t<label for=\"username\">Nazwa u\u017cytkownika lub adres e-mail&nbsp;<span class=\"required\" aria-hidden=\"true\">*<\/span><span class=\"screen-reader-text\">Wymagane<\/span><\/label>\n\t\t\t\t<input type=\"text\" class=\"woocommerce-Input woocommerce-Input--text input-text\" name=\"username\" id=\"username\" autocomplete=\"username\" value=\"\" required aria-required=\"true\" \/>\t\t\t<\/p>\n\t\t\t<p class=\"woocommerce-form-row woocommerce-form-row--wide form-row form-row-wide\">\n\t\t\t\t<label for=\"password\">Has\u0142o&nbsp;<span class=\"required\" aria-hidden=\"true\">*<\/span><span class=\"screen-reader-text\">Wymagane<\/span><\/label>\n\t\t\t\t<input class=\"woocommerce-Input woocommerce-Input--text input-text\" type=\"password\" name=\"password\" id=\"password\" autocomplete=\"current-password\" required aria-required=\"true\" \/>\n\t\t\t<\/p>\n\n\t\t\t\n\t\t\t<p class=\"form-row\">\n\t\t\t\t<label class=\"woocommerce-form__label woocommerce-form__label-for-checkbox woocommerce-form-login__rememberme\">\n\t\t\t\t\t<input class=\"woocommerce-form__input woocommerce-form__input-checkbox\" name=\"rememberme\" type=\"checkbox\" id=\"rememberme\" value=\"forever\" \/> <span>Zapami\u0119taj mnie<\/span>\n\t\t\t\t<\/label>\n\t\t\t\t<input type=\"hidden\" id=\"woocommerce-login-nonce\" name=\"woocommerce-login-nonce\" value=\"9211b90703\" \/><input type=\"hidden\" name=\"_wp_http_referer\" value=\"\/index.php?rest_route=%2Fwp%2Fv2%2Fpages%2F1049\" \/>\t\t\t\t<button type=\"submit\" class=\"woocommerce-button button woocommerce-form-login__submit\" name=\"login\" value=\"Zaloguj si\u0119\">Zaloguj si\u0119<\/button>\n\t\t\t<\/p>\n\t\t\t<p class=\"woocommerce-LostPassword lost_password\">\n\t\t\t\t<a href=\"https:\/\/sj-jubiler.com\/?page_id=1049&#038;zapomniane-haslo\">Nie pami\u0119tasz has\u0142a?<\/a>\n\t\t\t<\/p>\n\n\t\t\t\n\t\t<\/form>\n\n\n\t<\/div>\n\n\t<div class=\"u-column2 col-2\">\n\n\t\t<h2>Zarejestruj si\u0119<\/h2>\n\n\t\t<form method=\"post\" class=\"woocommerce-form woocommerce-form-register register\"  >\n\n\t\t\t\n\t\t\t\n\t\t\t<p class=\"woocommerce-form-row woocommerce-form-row--wide form-row form-row-wide\">\n\t\t\t\t<label for=\"reg_email\">Adres e-mail&nbsp;<span class=\"required\" aria-hidden=\"true\">*<\/span><span class=\"screen-reader-text\">Wymagane<\/span><\/label>\n\t\t\t\t<input type=\"email\" class=\"woocommerce-Input woocommerce-Input--text input-text\" name=\"email\" id=\"reg_email\" autocomplete=\"email\" value=\"\" required aria-required=\"true\" \/>\t\t\t<\/p>\n\n\t\t\t\n\t\t\t\t<p>Na adres e-mail zostanie wys\u0142any odno\u015bnik do ustawienia nowego has\u0142a.<\/p>\n\n\t\t\t\n\t\t\t<wc-order-attribution-inputs><\/wc-order-attribution-inputs><div class=\"woocommerce-privacy-policy-text\"><\/div>\n\t\t\t<p class=\"woocommerce-form-row form-row\">\n\t\t\t\t<input type=\"hidden\" id=\"woocommerce-register-nonce\" name=\"woocommerce-register-nonce\" value=\"b20dd80701\" \/><input type=\"hidden\" name=\"_wp_http_referer\" value=\"\/index.php?rest_route=%2Fwp%2Fv2%2Fpages%2F1049\" \/>\t\t\t\t<button type=\"submit\" class=\"woocommerce-Button woocommerce-button button woocommerce-form-register__submit\" name=\"register\" value=\"Zarejestruj si\u0119\">Zarejestruj si\u0119<\/button>\n\t\t\t<\/p>\n\n\t\t\t\n\t\t<\/form>\n\n\t<\/div>\n\n<\/div>\n\n<\/div>\n","protected":false},"excerpt":{"rendered":"","protected":false},"author":1,"featured_media":0,"parent":0,"menu_order":0,"comment_status":"closed","ping_status":"closed","template":"","meta":{"footnotes":""},"class_list":["post-1049","page","type-page","status-publish","hentry"],"yoast_head":"<!-- This site is optimized with the Yoast SEO plugin v27.4 - https:\/\/yoast.com\/product\/yoast-seo-wordpress\/ -->\n<title>My account - SJ-JUBILER<\/title>\n<meta name=\"robots\" content=\"index, follow, max-snippet:-1, max-image-preview:large, max-video-preview:-1\" \/>\n<link rel=\"canonical\" href=\"https:\/\/sj-jubiler.com\/?page_id=1049\" \/>\n<meta property=\"og:locale\" content=\"pl_PL\" \/>\n<meta property=\"og:type\" content=\"article\" \/>\n<meta property=\"og:title\" content=\"My account - SJ-JUBILER\" \/>\n<meta property=\"og:url\" content=\"https:\/\/sj-jubiler.com\/?page_id=1049\" \/>\n<meta property=\"og:site_name\" content=\"SJ-JUBILER\" \/>\n<meta property=\"article:publisher\" content=\"https:\/\/www.facebook.com\/sjjubilerszczekociny\/?locale=pl_PL\" \/>\n<meta property=\"og:image\" content=\"https:\/\/sj-jubiler.com\/wp-content\/uploads\/2025\/12\/grafika.jpeg\" \/>\n\t<meta property=\"og:image:width\" content=\"1500\" \/>\n\t<meta property=\"og:image:height\" content=\"1000\" \/>\n\t<meta property=\"og:image:type\" content=\"image\/jpeg\" \/>\n<meta name=\"twitter:card\" content=\"summary_large_image\" \/>\n<script type=\"application\/ld+json\" class=\"yoast-schema-graph\">{\"@context\":\"https:\\\/\\\/schema.org\",\"@graph\":[{\"@type\":\"WebPage\",\"@id\":\"https:\\\/\\\/sj-jubiler.com\\\/?page_id=1049\",\"url\":\"https:\\\/\\\/sj-jubiler.com\\\/?page_id=1049\",\"name\":\"My account - SJ-JUBILER\",\"isPartOf\":{\"@id\":\"https:\\\/\\\/sj-jubiler.com\\\/#website\"},\"datePublished\":\"2022-10-24T14:02:55+00:00\",\"breadcrumb\":{\"@id\":\"https:\\\/\\\/sj-jubiler.com\\\/?page_id=1049#breadcrumb\"},\"inLanguage\":\"pl-PL\",\"potentialAction\":[{\"@type\":\"ReadAction\",\"target\":[\"https:\\\/\\\/sj-jubiler.com\\\/?page_id=1049\"]}]},{\"@type\":\"BreadcrumbList\",\"@id\":\"https:\\\/\\\/sj-jubiler.com\\\/?page_id=1049#breadcrumb\",\"itemListElement\":[{\"@type\":\"ListItem\",\"position\":1,\"name\":\"Strona g\u0142\u00f3wna\",\"item\":\"https:\\\/\\\/sj-jubiler.com\\\/\"},{\"@type\":\"ListItem\",\"position\":2,\"name\":\"My account\"}]},{\"@type\":\"WebSite\",\"@id\":\"https:\\\/\\\/sj-jubiler.com\\\/#website\",\"url\":\"https:\\\/\\\/sj-jubiler.com\\\/\",\"name\":\"SJ JUBILER\",\"description\":\"\",\"publisher\":{\"@id\":\"https:\\\/\\\/sj-jubiler.com\\\/#organization\"},\"alternateName\":\"SJ-JUBILER\",\"potentialAction\":[{\"@type\":\"SearchAction\",\"target\":{\"@type\":\"EntryPoint\",\"urlTemplate\":\"https:\\\/\\\/sj-jubiler.com\\\/?s={search_term_string}\"},\"query-input\":{\"@type\":\"PropertyValueSpecification\",\"valueRequired\":true,\"valueName\":\"search_term_string\"}}],\"inLanguage\":\"pl-PL\"},{\"@type\":\"Organization\",\"@id\":\"https:\\\/\\\/sj-jubiler.com\\\/#organization\",\"name\":\"SJ JUBILER\",\"url\":\"https:\\\/\\\/sj-jubiler.com\\\/\",\"logo\":{\"@type\":\"ImageObject\",\"inLanguage\":\"pl-PL\",\"@id\":\"https:\\\/\\\/sj-jubiler.com\\\/#\\\/schema\\\/logo\\\/image\\\/\",\"url\":\"http:\\\/\\\/sj-jubiler.com\\\/wp-content\\\/uploads\\\/2025\\\/12\\\/logo.jpg\",\"contentUrl\":\"http:\\\/\\\/sj-jubiler.com\\\/wp-content\\\/uploads\\\/2025\\\/12\\\/logo.jpg\",\"width\":1080,\"height\":1080,\"caption\":\"SJ JUBILER\"},\"image\":{\"@id\":\"https:\\\/\\\/sj-jubiler.com\\\/#\\\/schema\\\/logo\\\/image\\\/\"},\"sameAs\":[\"https:\\\/\\\/www.facebook.com\\\/sjjubilerszczekociny\\\/?locale=pl_PL\",\"https:\\\/\\\/www.instagram.com\\\/s.j.jubiler\\\/\"]}]}<\/script>\n<!-- \/ Yoast SEO plugin. -->","yoast_head_json":{"title":"My account - SJ-JUBILER","robots":{"index":"index","follow":"follow","max-snippet":"max-snippet:-1","max-image-preview":"max-image-preview:large","max-video-preview":"max-video-preview:-1"},"canonical":"https:\/\/sj-jubiler.com\/?page_id=1049","og_locale":"pl_PL","og_type":"article","og_title":"My account - SJ-JUBILER","og_url":"https:\/\/sj-jubiler.com\/?page_id=1049","og_site_name":"SJ-JUBILER","article_publisher":"https:\/\/www.facebook.com\/sjjubilerszczekociny\/?locale=pl_PL","og_image":[{"width":1500,"height":1000,"url":"https:\/\/sj-jubiler.com\/wp-content\/uploads\/2025\/12\/grafika.jpeg","type":"image\/jpeg"}],"twitter_card":"summary_large_image","schema":{"@context":"https:\/\/schema.org","@graph":[{"@type":"WebPage","@id":"https:\/\/sj-jubiler.com\/?page_id=1049","url":"https:\/\/sj-jubiler.com\/?page_id=1049","name":"My account - SJ-JUBILER","isPartOf":{"@id":"https:\/\/sj-jubiler.com\/#website"},"datePublished":"2022-10-24T14:02:55+00:00","breadcrumb":{"@id":"https:\/\/sj-jubiler.com\/?page_id=1049#breadcrumb"},"inLanguage":"pl-PL","potentialAction":[{"@type":"ReadAction","target":["https:\/\/sj-jubiler.com\/?page_id=1049"]}]},{"@type":"BreadcrumbList","@id":"https:\/\/sj-jubiler.com\/?page_id=1049#breadcrumb","itemListElement":[{"@type":"ListItem","position":1,"name":"Strona g\u0142\u00f3wna","item":"https:\/\/sj-jubiler.com\/"},{"@type":"ListItem","position":2,"name":"My account"}]},{"@type":"WebSite","@id":"https:\/\/sj-jubiler.com\/#website","url":"https:\/\/sj-jubiler.com\/","name":"SJ JUBILER","description":"","publisher":{"@id":"https:\/\/sj-jubiler.com\/#organization"},"alternateName":"SJ-JUBILER","potentialAction":[{"@type":"SearchAction","target":{"@type":"EntryPoint","urlTemplate":"https:\/\/sj-jubiler.com\/?s={search_term_string}"},"query-input":{"@type":"PropertyValueSpecification","valueRequired":true,"valueName":"search_term_string"}}],"inLanguage":"pl-PL"},{"@type":"Organization","@id":"https:\/\/sj-jubiler.com\/#organization","name":"SJ JUBILER","url":"https:\/\/sj-jubiler.com\/","logo":{"@type":"ImageObject","inLanguage":"pl-PL","@id":"https:\/\/sj-jubiler.com\/#\/schema\/logo\/image\/","url":"http:\/\/sj-jubiler.com\/wp-content\/uploads\/2025\/12\/logo.jpg","contentUrl":"http:\/\/sj-jubiler.com\/wp-content\/uploads\/2025\/12\/logo.jpg","width":1080,"height":1080,"caption":"SJ JUBILER"},"image":{"@id":"https:\/\/sj-jubiler.com\/#\/schema\/logo\/image\/"},"sameAs":["https:\/\/www.facebook.com\/sjjubilerszczekociny\/?locale=pl_PL","https:\/\/www.instagram.com\/s.j.jubiler\/"]}]}},"_links":{"self":[{"href":"https:\/\/sj-jubiler.com\/index.php?rest_route=\/wp\/v2\/pages\/1049","targetHints":{"allow":["GET"]}}],"collection":[{"href":"https:\/\/sj-jubiler.com\/index.php?rest_route=\/wp\/v2\/pages"}],"about":[{"href":"https:\/\/sj-jubiler.com\/index.php?rest_route=\/wp\/v2\/types\/page"}],"author":[{"embeddable":true,"href":"https:\/\/sj-jubiler.com\/index.php?rest_route=\/wp\/v2\/users\/1"}],"replies":[{"embeddable":true,"href":"https:\/\/sj-jubiler.com\/index.php?rest_route=%2Fwp%2Fv2%2Fcomments&post=1049"}],"version-history":[{"count":0,"href":"https:\/\/sj-jubiler.com\/index.php?rest_route=\/wp\/v2\/pages\/1049\/revisions"}],"wp:attachment":[{"href":"https:\/\/sj-jubiler.com\/index.php?rest_route=%2Fwp%2Fv2%2Fmedia&parent=1049"}],"curies":[{"name":"wp","href":"https:\/\/api.w.org\/{rel}","templated":true}]}}