{"id":1392,"date":"2026-03-14T09:27:48","date_gmt":"2026-03-14T08:27:48","guid":{"rendered":"https:\/\/sj-jubiler.com\/?page_id=1392"},"modified":"2026-03-14T09:27:50","modified_gmt":"2026-03-14T08:27:50","slug":"regulamin-sklepu","status":"publish","type":"page","link":"https:\/\/sj-jubiler.com\/?page_id=1392","title":{"rendered":"Regulamin sklepu"},"content":{"rendered":"\n<h2 class=\"wp-block-heading\">\u00a71 Postanowienia og\u00f3lne<\/h2>\n\n\n\n<p>Niniejszy regulamin okre\u015bla zasady korzystania ze sklepu internetowego dost\u0119pnego pod adresem<br><a href=\"https:\/\/sj-jubiler.com\">https:\/\/sj-jubiler.com<\/a>, w szczeg\u00f3lno\u015bci zasady sk\u0142adania zam\u00f3wie\u0144, zawierania um\u00f3w sprzeda\u017cy, realizacji zam\u00f3wie\u0144, dokonywania p\u0142atno\u015bci, dostawy towar\u00f3w oraz zasady odst\u0105pienia od umowy i sk\u0142adania reklamacji.<\/p>\n\n\n\n<p>W\u0142a\u015bcicielem oraz administratorem sklepu internetowego jest:<\/p>\n\n\n\n<p>S.J. S\u0141AWOMIR KLECZ<br>Przedsi\u0119biorca: S\u0142awomir Klecz<br>Adres siedziby: Plac Tadeusza Ko\u015bciuszki 2, 42-445 Szczekociny, Polska<br>NIP: 9491639689<br>REGON: 151531855<br>Telefon kontaktowy: 724 631 843<\/p>\n\n\n\n<p>Regulamin jest udost\u0119pniony nieodp\u0142atnie na stronie sklepu w spos\u00f3b umo\u017cliwiaj\u0105cy jego pozyskanie, odtwarzanie i utrwalanie.<\/p>\n\n\n\n<p>Klient zobowi\u0105zany jest do zapoznania si\u0119 z regulaminem przed dokonaniem zakupu w sklepie.<\/p>\n\n\n\n<hr class=\"wp-block-separator has-alpha-channel-opacity\"\/>\n\n\n\n<h2 class=\"wp-block-heading\">\u00a72 Definicje<\/h2>\n\n\n\n<p>Na potrzeby niniejszego regulaminu przyjmuje si\u0119 nast\u0119puj\u0105ce znaczenie poj\u0119\u0107:<\/p>\n\n\n\n<p>Sklep \u2013 sklep internetowy dost\u0119pny pod adresem <a href=\"https:\/\/sj-jubiler.com\">https:\/\/sj-jubiler.com<\/a><\/p>\n\n\n\n<p>Sprzedawca \u2013 firma S.J. S\u0141AWOMIR KLECZ<\/p>\n\n\n\n<p>Klient \u2013 osoba fizyczna, osoba prawna lub jednostka organizacyjna dokonuj\u0105ca zakupu w sklepie<\/p>\n\n\n\n<p>Konsument \u2013 osoba fizyczna dokonuj\u0105ca zakupu niezwi\u0105zanego bezpo\u015brednio z dzia\u0142alno\u015bci\u0105 gospodarcz\u0105<\/p>\n\n\n\n<p>Towar \/ Produkt \u2013 oferowana w sklepie bi\u017cuteria<\/p>\n\n\n\n<p>Umowa sprzeda\u017cy \u2013 umowa zawarta pomi\u0119dzy Sprzedawc\u0105 a Klientem na odleg\u0142o\u015b\u0107<\/p>\n\n\n\n<hr class=\"wp-block-separator has-alpha-channel-opacity\"\/>\n\n\n\n<h2 class=\"wp-block-heading\">\u00a73 Oferta sklepu<\/h2>\n\n\n\n<p>Sklep prowadzi sprzeda\u017c detaliczn\u0105 bi\u017cuterii za po\u015brednictwem Internetu.<\/p>\n\n\n\n<p>W ofercie sklepu znajduj\u0105 si\u0119 w szczeg\u00f3lno\u015bci:<\/p>\n\n\n\n<ul class=\"wp-block-list\">\n<li>pier\u015bcionki<\/li>\n\n\n\n<li>kolczyki<\/li>\n\n\n\n<li>bransoletki<\/li>\n\n\n\n<li>naszyjniki<\/li>\n\n\n\n<li>inne wyroby jubilerskie<\/li>\n<\/ul>\n\n\n\n<p>Sklep oferuje zar\u00f3wno:<\/p>\n\n\n\n<ul class=\"wp-block-list\">\n<li>bi\u017cuteri\u0119 gotow\u0105<\/li>\n\n\n\n<li>bi\u017cuteri\u0119 wykonywan\u0105 na indywidualne zam\u00f3wienie Klienta<\/li>\n<\/ul>\n\n\n\n<p>Informacje o produktach znajduj\u0105ce si\u0119 na stronie sklepu stanowi\u0105 zaproszenie do zawarcia umowy.<\/p>\n\n\n\n<hr class=\"wp-block-separator has-alpha-channel-opacity\"\/>\n\n\n\n<h2 class=\"wp-block-heading\">\u00a74 Sk\u0142adanie zam\u00f3wie\u0144<\/h2>\n\n\n\n<p>Zam\u00f3wienia w sklepie mo\u017cna sk\u0142ada\u0107:<\/p>\n\n\n\n<ul class=\"wp-block-list\">\n<li>przez stron\u0119 internetow\u0105 sklepu<\/li>\n\n\n\n<li>przez formularz zam\u00f3wienia dost\u0119pny na stronie<\/li>\n<\/ul>\n\n\n\n<p>W celu z\u0142o\u017cenia zam\u00f3wienia Klient:<\/p>\n\n\n\n<ol start=\"1\" class=\"wp-block-list\">\n<li>wybiera produkt<\/li>\n\n\n\n<li>dodaje go do koszyka<\/li>\n\n\n\n<li>wype\u0142nia formularz zam\u00f3wienia<\/li>\n\n\n\n<li>wybiera spos\u00f3b dostawy<\/li>\n\n\n\n<li>wybiera metod\u0119 p\u0142atno\u015bci<\/li>\n\n\n\n<li>potwierdza zam\u00f3wienie<\/li>\n<\/ol>\n\n\n\n<p>Z\u0142o\u017cenie zam\u00f3wienia przez Klienta stanowi ofert\u0119 zawarcia umowy sprzeda\u017cy.<\/p>\n\n\n\n<p>Umowa sprzeda\u017cy zostaje zawarta z chwil\u0105 potwierdzenia przyj\u0119cia zam\u00f3wienia do realizacji przez Sprzedawc\u0119.<\/p>\n\n\n\n<p>Po z\u0142o\u017ceniu zam\u00f3wienia Klient otrzymuje potwierdzenie zam\u00f3wienia drog\u0105 elektroniczn\u0105.<\/p>\n\n\n\n<hr class=\"wp-block-separator has-alpha-channel-opacity\"\/>\n\n\n\n<h2 class=\"wp-block-heading\">\u00a75 Ceny i metody p\u0142atno\u015bci<\/h2>\n\n\n\n<p>Wszystkie ceny produkt\u00f3w podane w sklepie s\u0105 wyra\u017cone w z\u0142otych polskich (PLN).<\/p>\n\n\n\n<p>Ceny produkt\u00f3w zawieraj\u0105 podatek VAT, je\u017celi wynika on z obowi\u0105zuj\u0105cych przepis\u00f3w.<\/p>\n\n\n\n<p>Koszty dostawy s\u0105 podawane w trakcie sk\u0142adania zam\u00f3wienia.<\/p>\n\n\n\n<p>Sklep oferuje nast\u0119puj\u0105ce metody p\u0142atno\u015bci:<\/p>\n\n\n\n<ul class=\"wp-block-list\">\n<li>przelew tradycyjny<\/li>\n\n\n\n<li>szybkie przelewy internetowe<\/li>\n\n\n\n<li>p\u0142atno\u015b\u0107 kart\u0105<\/li>\n\n\n\n<li>p\u0142atno\u015b\u0107 BLIK<\/li>\n\n\n\n<li>p\u0142atno\u015b\u0107 przy odbiorze<\/li>\n<\/ul>\n\n\n\n<hr class=\"wp-block-separator has-alpha-channel-opacity\"\/>\n\n\n\n<h2 class=\"wp-block-heading\">\u00a76 Dostawa<\/h2>\n\n\n\n<p>Zam\u00f3wienia s\u0105 realizowane na terytorium Polski oraz w innych krajach Europy.<\/p>\n\n\n\n<p>Dost\u0119pne metody dostawy obejmuj\u0105 w szczeg\u00f3lno\u015bci:<\/p>\n\n\n\n<ul class=\"wp-block-list\">\n<li>kuriera<\/li>\n\n\n\n<li>paczkomaty<\/li>\n\n\n\n<li>inne formy dostawy dost\u0119pne w trakcie sk\u0142adania zam\u00f3wienia<\/li>\n<\/ul>\n\n\n\n<p>Koszt dostawy jest ka\u017cdorazowo wskazany podczas sk\u0142adania zam\u00f3wienia.<\/p>\n\n\n\n<p>Czas realizacji zam\u00f3wienia wynosi:<\/p>\n\n\n\n<ul class=\"wp-block-list\">\n<li>od 1 do 3 dni roboczych dla produkt\u00f3w dost\u0119pnych<\/li>\n\n\n\n<li>od 7 do 14 dni roboczych dla produkt\u00f3w wykonywanych na zam\u00f3wienie<\/li>\n<\/ul>\n\n\n\n<hr class=\"wp-block-separator has-alpha-channel-opacity\"\/>\n\n\n\n<h2 class=\"wp-block-heading\">\u00a77 Prawo odst\u0105pienia od umowy<\/h2>\n\n\n\n<p>Konsument ma prawo odst\u0105pi\u0107 od umowy zawartej na odleg\u0142o\u015b\u0107 w terminie 14 dni bez podania przyczyny.<\/p>\n\n\n\n<p>Termin odst\u0105pienia od umowy wygasa po 14 dniach od dnia otrzymania towaru.<\/p>\n\n\n\n<p>Aby skorzysta\u0107 z prawa odst\u0105pienia od umowy, Klient powinien poinformowa\u0107 Sprzedawc\u0119 o swojej decyzji poprzez jednoznaczne o\u015bwiadczenie.<\/p>\n\n\n\n<p>Zwrot towaru nale\u017cy odes\u0142a\u0107 na adres:<\/p>\n\n\n\n<p>Plac Tadeusza Ko\u015bciuszki 2<br>42-445 Szczekociny<br>Polska<\/p>\n\n\n\n<p>Koszt zwrotu towaru ponosi Klient, chyba \u017ce Sprzedawca postanowi inaczej.<\/p>\n\n\n\n<p>Zwrot p\u0142atno\u015bci nast\u0105pi nie p\u00f3\u017aniej ni\u017c w ci\u0105gu 14 dni od dnia otrzymania informacji o odst\u0105pieniu od umowy.<\/p>\n\n\n\n<p>Prawo odst\u0105pienia od umowy nie przys\u0142uguje w przypadku produkt\u00f3w wykonanych na indywidualne zam\u00f3wienie Klienta, w szczeg\u00f3lno\u015bci bi\u017cuterii personalizowanej (np. z grawerem), zgodnie z art. 38 ustawy o prawach konsumenta.<\/p>\n\n\n\n<hr class=\"wp-block-separator has-alpha-channel-opacity\"\/>\n\n\n\n<h2 class=\"wp-block-heading\">\u00a78 Reklamacje<\/h2>\n\n\n\n<p>Sprzedawca jest zobowi\u0105zany dostarczy\u0107 towar wolny od wad.<\/p>\n\n\n\n<p>Sprzedawca odpowiada wobec Klienta b\u0119d\u0105cego konsumentem z tytu\u0142u r\u0119kojmi za wady towaru na zasadach okre\u015blonych w przepisach Kodeksu cywilnego przez okres 2 lat od dnia wydania towaru.<\/p>\n\n\n\n<p>Reklamacje nale\u017cy zg\u0142asza\u0107 na adres:<\/p>\n\n\n\n<p>Plac Tadeusza Ko\u015bciuszki 2<br>42-445 Szczekociny<\/p>\n\n\n\n<p>Reklamacja powinna zawiera\u0107:<\/p>\n\n\n\n<ul class=\"wp-block-list\">\n<li>dane Klienta<\/li>\n\n\n\n<li>opis wady<\/li>\n\n\n\n<li>dat\u0119 zakupu<\/li>\n\n\n\n<li>\u017c\u0105danie Klienta<\/li>\n<\/ul>\n\n\n\n<p>Sprzedawca rozpatrzy reklamacj\u0119 w terminie do 14 dni od dnia jej otrzymania.<\/p>\n\n\n\n<hr class=\"wp-block-separator has-alpha-channel-opacity\"\/>\n\n\n\n<h2 class=\"wp-block-heading\">\u00a79 Dane osobowe<\/h2>\n\n\n\n<p>Dane osobowe Klient\u00f3w s\u0105 przetwarzane zgodnie z obowi\u0105zuj\u0105cymi przepisami prawa oraz polityk\u0105 prywatno\u015bci sklepu.<\/p>\n\n\n\n<p>Administratorem danych osobowych jest Sprzedawca.<\/p>\n\n\n\n<p>Szczeg\u00f3\u0142owe informacje dotycz\u0105ce przetwarzania danych znajduj\u0105 si\u0119 w Polityce prywatno\u015bci dost\u0119pnej na stronie sklepu.<\/p>\n\n\n\n<hr class=\"wp-block-separator has-alpha-channel-opacity\"\/>\n\n\n\n<h2 class=\"wp-block-heading\">\u00a710 W\u0142asno\u015b\u0107 intelektualna<\/h2>\n\n\n\n<p>Wszystkie materia\u0142y znajduj\u0105ce si\u0119 na stronie sklepu, w tym:<\/p>\n\n\n\n<ul class=\"wp-block-list\">\n<li>zdj\u0119cia produkt\u00f3w<\/li>\n\n\n\n<li>opisy<\/li>\n\n\n\n<li>grafiki<\/li>\n\n\n\n<li>elementy strony<\/li>\n<\/ul>\n\n\n\n<p>s\u0105 chronione prawem autorskim.<\/p>\n\n\n\n<p>Zabrania si\u0119 kopiowania, rozpowszechniania oraz wykorzystywania materia\u0142\u00f3w bez zgody w\u0142a\u015bciciela sklepu.<\/p>\n\n\n\n<hr class=\"wp-block-separator has-alpha-channel-opacity\"\/>\n\n\n\n<h2 class=\"wp-block-heading\">\u00a711 Postanowienia ko\u0144cowe<\/h2>\n\n\n\n<p>W sprawach nieuregulowanych w niniejszym regulaminie zastosowanie maj\u0105 przepisy prawa polskiego.<\/p>\n\n\n\n<p>Sprzedawca zastrzega sobie prawo do zmiany regulaminu z wa\u017cnych przyczyn prawnych lub organizacyjnych.<\/p>\n\n\n\n<p>Zmiany regulaminu nie wp\u0142ywaj\u0105 na zam\u00f3wienia z\u0142o\u017cone przed ich wej\u015bciem w \u017cycie.<\/p>\n\n\n\n<p>Regulamin obowi\u0105zuje od dnia jego opublikowania na stronie sklepu.<\/p>\n\n\n\n<hr class=\"wp-block-separator has-alpha-channel-opacity\"\/>\n\n\n\n<h2 class=\"wp-block-heading\">\u00a712 Postanowienia dodatkowe<\/h2>\n\n\n\n<p>Sprzedawca dok\u0142ada wszelkich stara\u0144, aby informacje o produktach prezentowane w sklepie internetowym by\u0142y zgodne ze stanem faktycznym, jednak mog\u0105 wyst\u0105pi\u0107 nieznaczne r\u00f3\u017cnice wynikaj\u0105ce z indywidualnych ustawie\u0144 urz\u0105dze\u0144 elektronicznych Klienta, w szczeg\u00f3lno\u015bci dotycz\u0105ce kolorystyki prezentowanych produkt\u00f3w.<\/p>\n\n\n\n<p>Sprzedawca zastrzega sobie prawo do:<\/p>\n\n\n\n<p>a) wprowadzania zmian w ofercie sklepu<br>b) wycofywania produkt\u00f3w ze sprzeda\u017cy<br>c) zmiany cen produkt\u00f3w<br>d) przeprowadzania promocji oraz akcji rabatowych<\/p>\n\n\n\n<p>Wszelkie spory wynikaj\u0105ce z zawartych um\u00f3w sprzeda\u017cy pomi\u0119dzy Sprzedawc\u0105 a Klientem b\u0119d\u0105 rozstrzygane w pierwszej kolejno\u015bci polubownie.<\/p>\n\n\n\n<p>Klient b\u0119d\u0105cy konsumentem ma mo\u017cliwo\u015b\u0107 skorzystania z pozas\u0105dowych metod rozpatrywania reklamacji i dochodzenia roszcze\u0144, w szczeg\u00f3lno\u015bci poprzez platform\u0119 internetowego rozstrzygania spor\u00f3w (ODR) dost\u0119pn\u0105 pod adresem:<\/p>\n\n\n\n<figure class=\"wp-block-embed\"><div class=\"wp-block-embed__wrapper\">\nhttps:\/\/ec.europa.eu\/consumers\/odr\n<\/div><\/figure>\n","protected":false},"excerpt":{"rendered":"<p>\u00a71 Postanowienia og\u00f3lne Niniejszy regulamin okre\u015bla zasady korzystania ze sklepu internetowego dost\u0119pnego pod adresemhttps:\/\/sj-jubiler.com, w szczeg\u00f3lno\u015bci zasady sk\u0142adania zam\u00f3wie\u0144, zawierania um\u00f3w sprzeda\u017cy, realizacji zam\u00f3wie\u0144, dokonywania p\u0142atno\u015bci, dostawy towar\u00f3w oraz zasady [&hellip;]<\/p>\n","protected":false},"author":1,"featured_media":0,"parent":0,"menu_order":0,"comment_status":"closed","ping_status":"closed","template":"","meta":{"footnotes":""},"class_list":["post-1392","page","type-page","status-publish","hentry"],"yoast_head":"<!-- This site is optimized with the Yoast SEO plugin v27.4 - https:\/\/yoast.com\/product\/yoast-seo-wordpress\/ -->\n<title>Regulamin sklepu - SJ-JUBILER<\/title>\n<meta name=\"description\" content=\"Regulamin sklepu internetowego SJ Jubiler okre\u015bla zasady korzystania ze sklepu online dost\u0119pnego pod adresem https:\/\/sj-jubiler.com. Dokument zawiera informacje dotycz\u0105ce sk\u0142adania zam\u00f3wie\u0144, zawierania um\u00f3w sprzeda\u017cy, metod p\u0142atno\u015bci, dostawy produkt\u00f3w, prawa odst\u0105pienia od umowy oraz procedury reklamacyjnej. Regulamin dotyczy sprzeda\u017cy bi\u017cuterii, w tym pier\u015bcionk\u00f3w, kolczyk\u00f3w, bransoletek i naszyjnik\u00f3w, zar\u00f3wno gotowych, jak i wykonywanych na indywidualne zam\u00f3wienie. Okre\u015bla r\u00f3wnie\u017c prawa i obowi\u0105zki klient\u00f3w oraz sprzedawcy, zasady ochrony danych osobowych oraz sposoby rozwi\u0105zywania spor\u00f3w konsumenckich.\" \/>\n<meta name=\"robots\" content=\"index, follow, max-snippet:-1, max-image-preview:large, max-video-preview:-1\" \/>\n<link rel=\"canonical\" href=\"https:\/\/sj-jubiler.com\/?page_id=1392\" \/>\n<meta property=\"og:locale\" content=\"pl_PL\" \/>\n<meta property=\"og:type\" content=\"article\" \/>\n<meta property=\"og:title\" content=\"Regulamin sklepu - SJ-JUBILER\" \/>\n<meta property=\"og:description\" content=\"Regulamin sklepu internetowego SJ Jubiler okre\u015bla zasady korzystania ze sklepu online dost\u0119pnego pod adresem https:\/\/sj-jubiler.com. Dokument zawiera informacje dotycz\u0105ce sk\u0142adania zam\u00f3wie\u0144, zawierania um\u00f3w sprzeda\u017cy, metod p\u0142atno\u015bci, dostawy produkt\u00f3w, prawa odst\u0105pienia od umowy oraz procedury reklamacyjnej. Regulamin dotyczy sprzeda\u017cy bi\u017cuterii, w tym pier\u015bcionk\u00f3w, kolczyk\u00f3w, bransoletek i naszyjnik\u00f3w, zar\u00f3wno gotowych, jak i wykonywanych na indywidualne zam\u00f3wienie. Okre\u015bla r\u00f3wnie\u017c prawa i obowi\u0105zki klient\u00f3w oraz sprzedawcy, zasady ochrony danych osobowych oraz sposoby rozwi\u0105zywania spor\u00f3w konsumenckich.\" \/>\n<meta property=\"og:url\" content=\"https:\/\/sj-jubiler.com\/?page_id=1392\" \/>\n<meta property=\"og:site_name\" content=\"SJ-JUBILER\" \/>\n<meta property=\"article:publisher\" content=\"https:\/\/www.facebook.com\/sjjubilerszczekociny\/?locale=pl_PL\" \/>\n<meta property=\"article:modified_time\" content=\"2026-03-14T08:27:50+00:00\" \/>\n<meta property=\"og:image\" content=\"https:\/\/sj-jubiler.com\/wp-content\/uploads\/2025\/12\/grafika.jpeg\" \/>\n\t<meta property=\"og:image:width\" content=\"1500\" \/>\n\t<meta property=\"og:image:height\" content=\"1000\" \/>\n\t<meta property=\"og:image:type\" content=\"image\/jpeg\" \/>\n<meta name=\"twitter:card\" content=\"summary_large_image\" \/>\n<meta name=\"twitter:label1\" content=\"Szacowany czas czytania\" \/>\n\t<meta name=\"twitter:data1\" content=\"5 minut\" \/>\n<script type=\"application\/ld+json\" class=\"yoast-schema-graph\">{\"@context\":\"https:\\\/\\\/schema.org\",\"@graph\":[{\"@type\":\"WebPage\",\"@id\":\"https:\\\/\\\/sj-jubiler.com\\\/?page_id=1392\",\"url\":\"https:\\\/\\\/sj-jubiler.com\\\/?page_id=1392\",\"name\":\"Regulamin sklepu - SJ-JUBILER\",\"isPartOf\":{\"@id\":\"https:\\\/\\\/sj-jubiler.com\\\/#website\"},\"datePublished\":\"2026-03-14T08:27:48+00:00\",\"dateModified\":\"2026-03-14T08:27:50+00:00\",\"description\":\"Regulamin sklepu internetowego SJ Jubiler okre\u015bla zasady korzystania ze sklepu online dost\u0119pnego pod adresem https:\\\/\\\/sj-jubiler.com. Dokument zawiera informacje dotycz\u0105ce sk\u0142adania zam\u00f3wie\u0144, zawierania um\u00f3w sprzeda\u017cy, metod p\u0142atno\u015bci, dostawy produkt\u00f3w, prawa odst\u0105pienia od umowy oraz procedury reklamacyjnej. Regulamin dotyczy sprzeda\u017cy bi\u017cuterii, w tym pier\u015bcionk\u00f3w, kolczyk\u00f3w, bransoletek i naszyjnik\u00f3w, zar\u00f3wno gotowych, jak i wykonywanych na indywidualne zam\u00f3wienie. Okre\u015bla r\u00f3wnie\u017c prawa i obowi\u0105zki klient\u00f3w oraz sprzedawcy, zasady ochrony danych osobowych oraz sposoby rozwi\u0105zywania spor\u00f3w konsumenckich.\",\"breadcrumb\":{\"@id\":\"https:\\\/\\\/sj-jubiler.com\\\/?page_id=1392#breadcrumb\"},\"inLanguage\":\"pl-PL\",\"potentialAction\":[{\"@type\":\"ReadAction\",\"target\":[\"https:\\\/\\\/sj-jubiler.com\\\/?page_id=1392\"]}]},{\"@type\":\"BreadcrumbList\",\"@id\":\"https:\\\/\\\/sj-jubiler.com\\\/?page_id=1392#breadcrumb\",\"itemListElement\":[{\"@type\":\"ListItem\",\"position\":1,\"name\":\"Strona g\u0142\u00f3wna\",\"item\":\"https:\\\/\\\/sj-jubiler.com\\\/\"},{\"@type\":\"ListItem\",\"position\":2,\"name\":\"Regulamin sklepu\"}]},{\"@type\":\"WebSite\",\"@id\":\"https:\\\/\\\/sj-jubiler.com\\\/#website\",\"url\":\"https:\\\/\\\/sj-jubiler.com\\\/\",\"name\":\"SJ JUBILER\",\"description\":\"\",\"publisher\":{\"@id\":\"https:\\\/\\\/sj-jubiler.com\\\/#organization\"},\"alternateName\":\"SJ-JUBILER\",\"potentialAction\":[{\"@type\":\"SearchAction\",\"target\":{\"@type\":\"EntryPoint\",\"urlTemplate\":\"https:\\\/\\\/sj-jubiler.com\\\/?s={search_term_string}\"},\"query-input\":{\"@type\":\"PropertyValueSpecification\",\"valueRequired\":true,\"valueName\":\"search_term_string\"}}],\"inLanguage\":\"pl-PL\"},{\"@type\":\"Organization\",\"@id\":\"https:\\\/\\\/sj-jubiler.com\\\/#organization\",\"name\":\"SJ JUBILER\",\"url\":\"https:\\\/\\\/sj-jubiler.com\\\/\",\"logo\":{\"@type\":\"ImageObject\",\"inLanguage\":\"pl-PL\",\"@id\":\"https:\\\/\\\/sj-jubiler.com\\\/#\\\/schema\\\/logo\\\/image\\\/\",\"url\":\"http:\\\/\\\/sj-jubiler.com\\\/wp-content\\\/uploads\\\/2025\\\/12\\\/logo.jpg\",\"contentUrl\":\"http:\\\/\\\/sj-jubiler.com\\\/wp-content\\\/uploads\\\/2025\\\/12\\\/logo.jpg\",\"width\":1080,\"height\":1080,\"caption\":\"SJ JUBILER\"},\"image\":{\"@id\":\"https:\\\/\\\/sj-jubiler.com\\\/#\\\/schema\\\/logo\\\/image\\\/\"},\"sameAs\":[\"https:\\\/\\\/www.facebook.com\\\/sjjubilerszczekociny\\\/?locale=pl_PL\",\"https:\\\/\\\/www.instagram.com\\\/s.j.jubiler\\\/\"]}]}<\/script>\n<!-- \/ Yoast SEO plugin. -->","yoast_head_json":{"title":"Regulamin sklepu - SJ-JUBILER","description":"Regulamin sklepu internetowego SJ Jubiler okre\u015bla zasady korzystania ze sklepu online dost\u0119pnego pod adresem https:\/\/sj-jubiler.com. Dokument zawiera informacje dotycz\u0105ce sk\u0142adania zam\u00f3wie\u0144, zawierania um\u00f3w sprzeda\u017cy, metod p\u0142atno\u015bci, dostawy produkt\u00f3w, prawa odst\u0105pienia od umowy oraz procedury reklamacyjnej. Regulamin dotyczy sprzeda\u017cy bi\u017cuterii, w tym pier\u015bcionk\u00f3w, kolczyk\u00f3w, bransoletek i naszyjnik\u00f3w, zar\u00f3wno gotowych, jak i wykonywanych na indywidualne zam\u00f3wienie. Okre\u015bla r\u00f3wnie\u017c prawa i obowi\u0105zki klient\u00f3w oraz sprzedawcy, zasady ochrony danych osobowych oraz sposoby rozwi\u0105zywania spor\u00f3w konsumenckich.","robots":{"index":"index","follow":"follow","max-snippet":"max-snippet:-1","max-image-preview":"max-image-preview:large","max-video-preview":"max-video-preview:-1"},"canonical":"https:\/\/sj-jubiler.com\/?page_id=1392","og_locale":"pl_PL","og_type":"article","og_title":"Regulamin sklepu - SJ-JUBILER","og_description":"Regulamin sklepu internetowego SJ Jubiler okre\u015bla zasady korzystania ze sklepu online dost\u0119pnego pod adresem https:\/\/sj-jubiler.com. Dokument zawiera informacje dotycz\u0105ce sk\u0142adania zam\u00f3wie\u0144, zawierania um\u00f3w sprzeda\u017cy, metod p\u0142atno\u015bci, dostawy produkt\u00f3w, prawa odst\u0105pienia od umowy oraz procedury reklamacyjnej. Regulamin dotyczy sprzeda\u017cy bi\u017cuterii, w tym pier\u015bcionk\u00f3w, kolczyk\u00f3w, bransoletek i naszyjnik\u00f3w, zar\u00f3wno gotowych, jak i wykonywanych na indywidualne zam\u00f3wienie. Okre\u015bla r\u00f3wnie\u017c prawa i obowi\u0105zki klient\u00f3w oraz sprzedawcy, zasady ochrony danych osobowych oraz sposoby rozwi\u0105zywania spor\u00f3w konsumenckich.","og_url":"https:\/\/sj-jubiler.com\/?page_id=1392","og_site_name":"SJ-JUBILER","article_publisher":"https:\/\/www.facebook.com\/sjjubilerszczekociny\/?locale=pl_PL","article_modified_time":"2026-03-14T08:27:50+00:00","og_image":[{"width":1500,"height":1000,"url":"https:\/\/sj-jubiler.com\/wp-content\/uploads\/2025\/12\/grafika.jpeg","type":"image\/jpeg"}],"twitter_card":"summary_large_image","twitter_misc":{"Szacowany czas czytania":"5 minut"},"schema":{"@context":"https:\/\/schema.org","@graph":[{"@type":"WebPage","@id":"https:\/\/sj-jubiler.com\/?page_id=1392","url":"https:\/\/sj-jubiler.com\/?page_id=1392","name":"Regulamin sklepu - SJ-JUBILER","isPartOf":{"@id":"https:\/\/sj-jubiler.com\/#website"},"datePublished":"2026-03-14T08:27:48+00:00","dateModified":"2026-03-14T08:27:50+00:00","description":"Regulamin sklepu internetowego SJ Jubiler okre\u015bla zasady korzystania ze sklepu online dost\u0119pnego pod adresem https:\/\/sj-jubiler.com. Dokument zawiera informacje dotycz\u0105ce sk\u0142adania zam\u00f3wie\u0144, zawierania um\u00f3w sprzeda\u017cy, metod p\u0142atno\u015bci, dostawy produkt\u00f3w, prawa odst\u0105pienia od umowy oraz procedury reklamacyjnej. Regulamin dotyczy sprzeda\u017cy bi\u017cuterii, w tym pier\u015bcionk\u00f3w, kolczyk\u00f3w, bransoletek i naszyjnik\u00f3w, zar\u00f3wno gotowych, jak i wykonywanych na indywidualne zam\u00f3wienie. Okre\u015bla r\u00f3wnie\u017c prawa i obowi\u0105zki klient\u00f3w oraz sprzedawcy, zasady ochrony danych osobowych oraz sposoby rozwi\u0105zywania spor\u00f3w konsumenckich.","breadcrumb":{"@id":"https:\/\/sj-jubiler.com\/?page_id=1392#breadcrumb"},"inLanguage":"pl-PL","potentialAction":[{"@type":"ReadAction","target":["https:\/\/sj-jubiler.com\/?page_id=1392"]}]},{"@type":"BreadcrumbList","@id":"https:\/\/sj-jubiler.com\/?page_id=1392#breadcrumb","itemListElement":[{"@type":"ListItem","position":1,"name":"Strona g\u0142\u00f3wna","item":"https:\/\/sj-jubiler.com\/"},{"@type":"ListItem","position":2,"name":"Regulamin sklepu"}]},{"@type":"WebSite","@id":"https:\/\/sj-jubiler.com\/#website","url":"https:\/\/sj-jubiler.com\/","name":"SJ JUBILER","description":"","publisher":{"@id":"https:\/\/sj-jubiler.com\/#organization"},"alternateName":"SJ-JUBILER","potentialAction":[{"@type":"SearchAction","target":{"@type":"EntryPoint","urlTemplate":"https:\/\/sj-jubiler.com\/?s={search_term_string}"},"query-input":{"@type":"PropertyValueSpecification","valueRequired":true,"valueName":"search_term_string"}}],"inLanguage":"pl-PL"},{"@type":"Organization","@id":"https:\/\/sj-jubiler.com\/#organization","name":"SJ JUBILER","url":"https:\/\/sj-jubiler.com\/","logo":{"@type":"ImageObject","inLanguage":"pl-PL","@id":"https:\/\/sj-jubiler.com\/#\/schema\/logo\/image\/","url":"http:\/\/sj-jubiler.com\/wp-content\/uploads\/2025\/12\/logo.jpg","contentUrl":"http:\/\/sj-jubiler.com\/wp-content\/uploads\/2025\/12\/logo.jpg","width":1080,"height":1080,"caption":"SJ JUBILER"},"image":{"@id":"https:\/\/sj-jubiler.com\/#\/schema\/logo\/image\/"},"sameAs":["https:\/\/www.facebook.com\/sjjubilerszczekociny\/?locale=pl_PL","https:\/\/www.instagram.com\/s.j.jubiler\/"]}]}},"_links":{"self":[{"href":"https:\/\/sj-jubiler.com\/index.php?rest_route=\/wp\/v2\/pages\/1392","targetHints":{"allow":["GET"]}}],"collection":[{"href":"https:\/\/sj-jubiler.com\/index.php?rest_route=\/wp\/v2\/pages"}],"about":[{"href":"https:\/\/sj-jubiler.com\/index.php?rest_route=\/wp\/v2\/types\/page"}],"author":[{"embeddable":true,"href":"https:\/\/sj-jubiler.com\/index.php?rest_route=\/wp\/v2\/users\/1"}],"replies":[{"embeddable":true,"href":"https:\/\/sj-jubiler.com\/index.php?rest_route=%2Fwp%2Fv2%2Fcomments&post=1392"}],"version-history":[{"count":1,"href":"https:\/\/sj-jubiler.com\/index.php?rest_route=\/wp\/v2\/pages\/1392\/revisions"}],"predecessor-version":[{"id":1393,"href":"https:\/\/sj-jubiler.com\/index.php?rest_route=\/wp\/v2\/pages\/1392\/revisions\/1393"}],"wp:attachment":[{"href":"https:\/\/sj-jubiler.com\/index.php?rest_route=%2Fwp%2Fv2%2Fmedia&parent=1392"}],"curies":[{"name":"wp","href":"https:\/\/api.w.org\/{rel}","templated":true}]}}