{"id":1397,"date":"2026-03-14T09:55:57","date_gmt":"2026-03-14T08:55:57","guid":{"rendered":"https:\/\/sj-jubiler.com\/?page_id=1397"},"modified":"2026-03-14T09:55:59","modified_gmt":"2026-03-14T08:55:59","slug":"polityka-cookies","status":"publish","type":"page","link":"https:\/\/sj-jubiler.com\/?page_id=1397","title":{"rendered":"Polityka Cookies"},"content":{"rendered":"\n<h2 class=\"wp-block-heading\">1. Informacje og\u00f3lne<\/h2>\n\n\n\n<p>Niniejsza Polityka cookies okre\u015bla zasady przechowywania i uzyskiwania dost\u0119pu do informacji na urz\u0105dzeniach u\u017cytkownika za pomoc\u0105 plik\u00f3w cookies podczas korzystania ze strony internetowej dost\u0119pnej pod adresem <a href=\"https:\/\/sj-jubiler.com\">https:\/\/sj-jubiler.com<\/a>.<\/p>\n\n\n\n<p>Administratorem strony internetowej jest:<\/p>\n\n\n\n<p>S.J. S\u0141AWOMIR KLECZ<br>Plac Tadeusza Ko\u015bciuszki 2<br>42-445 Szczekociny<br>NIP: 9491639689<\/p>\n\n\n\n<hr class=\"wp-block-separator has-alpha-channel-opacity\"\/>\n\n\n\n<h2 class=\"wp-block-heading\">2. Czym s\u0105 pliki cookies<\/h2>\n\n\n\n<p>Pliki cookies (tzw. \u201eciasteczka\u201d) to niewielkie pliki tekstowe zapisywane na urz\u0105dzeniu u\u017cytkownika podczas korzystania ze stron internetowych. Umo\u017cliwiaj\u0105 one prawid\u0142owe dzia\u0142anie strony oraz mog\u0105 s\u0142u\u017cy\u0107 do zbierania informacji statystycznych lub marketingowych.<\/p>\n\n\n\n<hr class=\"wp-block-separator has-alpha-channel-opacity\"\/>\n\n\n\n<h2 class=\"wp-block-heading\">3. Rodzaje wykorzystywanych cookies<\/h2>\n\n\n\n<p>Na stronie mog\u0105 by\u0107 wykorzystywane nast\u0119puj\u0105ce rodzaje plik\u00f3w cookies:<\/p>\n\n\n\n<p><strong>Cookies niezb\u0119dne<\/strong><br>S\u0105 niezb\u0119dne do prawid\u0142owego funkcjonowania strony internetowej oraz realizacji us\u0142ug dost\u0119pnych w sklepie, takich jak sk\u0142adanie zam\u00f3wie\u0144 czy obs\u0142uga koszyka.<\/p>\n\n\n\n<p><strong>Cookies analityczne<\/strong><br>S\u0142u\u017c\u0105 do zbierania informacji statystycznych o sposobie korzystania ze strony przez u\u017cytkownik\u00f3w. Pozwalaj\u0105 na analiz\u0119 ruchu na stronie oraz jej ulepszanie.<\/p>\n\n\n\n<p><strong>Cookies marketingowe<\/strong><br>Mog\u0105 by\u0107 wykorzystywane do prowadzenia dzia\u0142a\u0144 marketingowych oraz dopasowania reklam do zainteresowa\u0144 u\u017cytkownika.<\/p>\n\n\n\n<hr class=\"wp-block-separator has-alpha-channel-opacity\"\/>\n\n\n\n<h2 class=\"wp-block-heading\">4. Zarz\u0105dzanie plikami cookies<\/h2>\n\n\n\n<p>U\u017cytkownik mo\u017ce w ka\u017cdej chwili zmieni\u0107 ustawienia dotycz\u0105ce plik\u00f3w cookies w swojej przegl\u0105darce internetowej, w szczeg\u00f3lno\u015bci zablokowa\u0107 ich automatyczn\u0105 obs\u0142ug\u0119 lub ka\u017cdorazowo otrzymywa\u0107 informacj\u0119 o ich zapisaniu na urz\u0105dzeniu.<\/p>\n\n\n\n<p>Ograniczenie stosowania plik\u00f3w cookies mo\u017ce wp\u0142yn\u0105\u0107 na niekt\u00f3re funkcjonalno\u015bci dost\u0119pne na stronie internetowej.<\/p>\n\n\n\n<hr class=\"wp-block-separator has-alpha-channel-opacity\"\/>\n\n\n\n<h2 class=\"wp-block-heading\">5. Cookies podmiot\u00f3w trzecich<\/h2>\n\n\n\n<p>Strona mo\u017ce korzysta\u0107 z narz\u0119dzi zewn\u0119trznych dostawc\u00f3w, takich jak:<\/p>\n\n\n\n<ul class=\"wp-block-list\">\n<li>narz\u0119dzia analityczne (np. Google Analytics)<\/li>\n\n\n\n<li>narz\u0119dzia marketingowe (np. Meta \/ Facebook Pixel)<\/li>\n\n\n\n<li>systemy p\u0142atno\u015bci online<\/li>\n\n\n\n<li>systemy dostawy<\/li>\n<\/ul>\n\n\n\n<p>Podmioty te mog\u0105 zapisywa\u0107 w\u0142asne pliki cookies zgodnie ze swoimi politykami prywatno\u015bci.<\/p>\n\n\n\n<hr class=\"wp-block-separator has-alpha-channel-opacity\"\/>\n\n\n\n<h2 class=\"wp-block-heading\">6. Zmiany polityki cookies<\/h2>\n\n\n\n<p>Administrator zastrzega sobie prawo do wprowadzania zmian w niniejszej Polityce cookies w przypadku zmian technologicznych, prawnych lub organizacyjnych.<\/p>\n\n\n\n<p>Aktualna wersja dokumentu jest zawsze dost\u0119pna na stronie internetowej sklepu.<\/p>\n\n\n\n<hr class=\"wp-block-separator has-alpha-channel-opacity\"\/>\n\n\n\n<h2 class=\"wp-block-heading\">7. Kontakt<\/h2>\n\n\n\n<p>W sprawach zwi\u0105zanych z niniejsz\u0105 Polityk\u0105 cookies mo\u017cna kontaktowa\u0107 si\u0119 z administratorem strony:<\/p>\n\n\n\n<p>S.J. S\u0141AWOMIR KLECZ<br>Plac Tadeusza Ko\u015bciuszki 2<br>42-445 Szczekociny<\/p>\n\n\n\n<p>kontakt@sj-jubiler.com<br>tel. 724 631 843<\/p>\n","protected":false},"excerpt":{"rendered":"<p>1. Informacje og\u00f3lne Niniejsza Polityka cookies okre\u015bla zasady przechowywania i uzyskiwania dost\u0119pu do informacji na urz\u0105dzeniach u\u017cytkownika za pomoc\u0105 plik\u00f3w cookies podczas korzystania ze strony internetowej dost\u0119pnej pod adresem https:\/\/sj-jubiler.com. [&hellip;]<\/p>\n","protected":false},"author":1,"featured_media":0,"parent":0,"menu_order":0,"comment_status":"closed","ping_status":"closed","template":"","meta":{"footnotes":""},"class_list":["post-1397","page","type-page","status-publish","hentry"],"yoast_head":"<!-- This site is optimized with the Yoast SEO plugin v27.4 - https:\/\/yoast.com\/product\/yoast-seo-wordpress\/ -->\n<title>Polityka Cookies - SJ-JUBILER<\/title>\n<meta name=\"description\" content=\"Polityka cookies sklepu internetowego SJ Jubiler wyja\u015bnia, w jaki spos\u00f3b strona https:\/\/sj-jubiler.com wykorzystuje pliki cookies podczas korzystania z serwisu. Dokument zawiera informacje o rodzajach stosowanych plik\u00f3w cookies, ich celu oraz sposobie zarz\u0105dzania ustawieniami cookies przez u\u017cytkownika. Pliki cookies pomagaj\u0105 w prawid\u0142owym dzia\u0142aniu sklepu internetowego, umo\u017cliwiaj\u0105 realizacj\u0119 zam\u00f3wie\u0144, analiz\u0119 ruchu na stronie oraz dostosowanie tre\u015bci i reklam do preferencji u\u017cytkownik\u00f3w. W polityce cookies znajduj\u0105 si\u0119 r\u00f3wnie\u017c informacje o wykorzystywaniu narz\u0119dzi analitycznych i marketingowych oraz o prawach u\u017cytkownik\u00f3w zwi\u0105zanych z ochron\u0105 danych i prywatno\u015bci\u0105 podczas korzystania ze sklepu online z bi\u017cuteri\u0105.\" \/>\n<meta name=\"robots\" content=\"index, follow, max-snippet:-1, max-image-preview:large, max-video-preview:-1\" \/>\n<link rel=\"canonical\" href=\"https:\/\/sj-jubiler.com\/?page_id=1397\" \/>\n<meta property=\"og:locale\" content=\"pl_PL\" \/>\n<meta property=\"og:type\" content=\"article\" \/>\n<meta property=\"og:title\" content=\"Polityka Cookies - SJ-JUBILER\" \/>\n<meta property=\"og:description\" content=\"Polityka cookies sklepu internetowego SJ Jubiler wyja\u015bnia, w jaki spos\u00f3b strona https:\/\/sj-jubiler.com wykorzystuje pliki cookies podczas korzystania z serwisu. Dokument zawiera informacje o rodzajach stosowanych plik\u00f3w cookies, ich celu oraz sposobie zarz\u0105dzania ustawieniami cookies przez u\u017cytkownika. Pliki cookies pomagaj\u0105 w prawid\u0142owym dzia\u0142aniu sklepu internetowego, umo\u017cliwiaj\u0105 realizacj\u0119 zam\u00f3wie\u0144, analiz\u0119 ruchu na stronie oraz dostosowanie tre\u015bci i reklam do preferencji u\u017cytkownik\u00f3w. W polityce cookies znajduj\u0105 si\u0119 r\u00f3wnie\u017c informacje o wykorzystywaniu narz\u0119dzi analitycznych i marketingowych oraz o prawach u\u017cytkownik\u00f3w zwi\u0105zanych z ochron\u0105 danych i prywatno\u015bci\u0105 podczas korzystania ze sklepu online z bi\u017cuteri\u0105.\" \/>\n<meta property=\"og:url\" content=\"https:\/\/sj-jubiler.com\/?page_id=1397\" \/>\n<meta property=\"og:site_name\" content=\"SJ-JUBILER\" \/>\n<meta property=\"article:publisher\" content=\"https:\/\/www.facebook.com\/sjjubilerszczekociny\/?locale=pl_PL\" \/>\n<meta property=\"article:modified_time\" content=\"2026-03-14T08:55:59+00:00\" \/>\n<meta property=\"og:image\" content=\"https:\/\/sj-jubiler.com\/wp-content\/uploads\/2025\/12\/grafika.jpeg\" \/>\n\t<meta property=\"og:image:width\" content=\"1500\" \/>\n\t<meta property=\"og:image:height\" content=\"1000\" \/>\n\t<meta property=\"og:image:type\" content=\"image\/jpeg\" \/>\n<meta name=\"twitter:card\" content=\"summary_large_image\" \/>\n<meta name=\"twitter:label1\" content=\"Szacowany czas czytania\" \/>\n\t<meta name=\"twitter:data1\" content=\"2 minuty\" \/>\n<script type=\"application\/ld+json\" class=\"yoast-schema-graph\">{\"@context\":\"https:\\\/\\\/schema.org\",\"@graph\":[{\"@type\":\"WebPage\",\"@id\":\"https:\\\/\\\/sj-jubiler.com\\\/?page_id=1397\",\"url\":\"https:\\\/\\\/sj-jubiler.com\\\/?page_id=1397\",\"name\":\"Polityka Cookies - SJ-JUBILER\",\"isPartOf\":{\"@id\":\"https:\\\/\\\/sj-jubiler.com\\\/#website\"},\"datePublished\":\"2026-03-14T08:55:57+00:00\",\"dateModified\":\"2026-03-14T08:55:59+00:00\",\"description\":\"Polityka cookies sklepu internetowego SJ Jubiler wyja\u015bnia, w jaki spos\u00f3b strona https:\\\/\\\/sj-jubiler.com wykorzystuje pliki cookies podczas korzystania z serwisu. Dokument zawiera informacje o rodzajach stosowanych plik\u00f3w cookies, ich celu oraz sposobie zarz\u0105dzania ustawieniami cookies przez u\u017cytkownika. Pliki cookies pomagaj\u0105 w prawid\u0142owym dzia\u0142aniu sklepu internetowego, umo\u017cliwiaj\u0105 realizacj\u0119 zam\u00f3wie\u0144, analiz\u0119 ruchu na stronie oraz dostosowanie tre\u015bci i reklam do preferencji u\u017cytkownik\u00f3w. W polityce cookies znajduj\u0105 si\u0119 r\u00f3wnie\u017c informacje o wykorzystywaniu narz\u0119dzi analitycznych i marketingowych oraz o prawach u\u017cytkownik\u00f3w zwi\u0105zanych z ochron\u0105 danych i prywatno\u015bci\u0105 podczas korzystania ze sklepu online z bi\u017cuteri\u0105.\",\"breadcrumb\":{\"@id\":\"https:\\\/\\\/sj-jubiler.com\\\/?page_id=1397#breadcrumb\"},\"inLanguage\":\"pl-PL\",\"potentialAction\":[{\"@type\":\"ReadAction\",\"target\":[\"https:\\\/\\\/sj-jubiler.com\\\/?page_id=1397\"]}]},{\"@type\":\"BreadcrumbList\",\"@id\":\"https:\\\/\\\/sj-jubiler.com\\\/?page_id=1397#breadcrumb\",\"itemListElement\":[{\"@type\":\"ListItem\",\"position\":1,\"name\":\"Strona g\u0142\u00f3wna\",\"item\":\"https:\\\/\\\/sj-jubiler.com\\\/\"},{\"@type\":\"ListItem\",\"position\":2,\"name\":\"Polityka Cookies\"}]},{\"@type\":\"WebSite\",\"@id\":\"https:\\\/\\\/sj-jubiler.com\\\/#website\",\"url\":\"https:\\\/\\\/sj-jubiler.com\\\/\",\"name\":\"SJ JUBILER\",\"description\":\"\",\"publisher\":{\"@id\":\"https:\\\/\\\/sj-jubiler.com\\\/#organization\"},\"alternateName\":\"SJ-JUBILER\",\"potentialAction\":[{\"@type\":\"SearchAction\",\"target\":{\"@type\":\"EntryPoint\",\"urlTemplate\":\"https:\\\/\\\/sj-jubiler.com\\\/?s={search_term_string}\"},\"query-input\":{\"@type\":\"PropertyValueSpecification\",\"valueRequired\":true,\"valueName\":\"search_term_string\"}}],\"inLanguage\":\"pl-PL\"},{\"@type\":\"Organization\",\"@id\":\"https:\\\/\\\/sj-jubiler.com\\\/#organization\",\"name\":\"SJ JUBILER\",\"url\":\"https:\\\/\\\/sj-jubiler.com\\\/\",\"logo\":{\"@type\":\"ImageObject\",\"inLanguage\":\"pl-PL\",\"@id\":\"https:\\\/\\\/sj-jubiler.com\\\/#\\\/schema\\\/logo\\\/image\\\/\",\"url\":\"http:\\\/\\\/sj-jubiler.com\\\/wp-content\\\/uploads\\\/2025\\\/12\\\/logo.jpg\",\"contentUrl\":\"http:\\\/\\\/sj-jubiler.com\\\/wp-content\\\/uploads\\\/2025\\\/12\\\/logo.jpg\",\"width\":1080,\"height\":1080,\"caption\":\"SJ JUBILER\"},\"image\":{\"@id\":\"https:\\\/\\\/sj-jubiler.com\\\/#\\\/schema\\\/logo\\\/image\\\/\"},\"sameAs\":[\"https:\\\/\\\/www.facebook.com\\\/sjjubilerszczekociny\\\/?locale=pl_PL\",\"https:\\\/\\\/www.instagram.com\\\/s.j.jubiler\\\/\"]}]}<\/script>\n<!-- \/ Yoast SEO plugin. -->","yoast_head_json":{"title":"Polityka Cookies - SJ-JUBILER","description":"Polityka cookies sklepu internetowego SJ Jubiler wyja\u015bnia, w jaki spos\u00f3b strona https:\/\/sj-jubiler.com wykorzystuje pliki cookies podczas korzystania z serwisu. Dokument zawiera informacje o rodzajach stosowanych plik\u00f3w cookies, ich celu oraz sposobie zarz\u0105dzania ustawieniami cookies przez u\u017cytkownika. Pliki cookies pomagaj\u0105 w prawid\u0142owym dzia\u0142aniu sklepu internetowego, umo\u017cliwiaj\u0105 realizacj\u0119 zam\u00f3wie\u0144, analiz\u0119 ruchu na stronie oraz dostosowanie tre\u015bci i reklam do preferencji u\u017cytkownik\u00f3w. W polityce cookies znajduj\u0105 si\u0119 r\u00f3wnie\u017c informacje o wykorzystywaniu narz\u0119dzi analitycznych i marketingowych oraz o prawach u\u017cytkownik\u00f3w zwi\u0105zanych z ochron\u0105 danych i prywatno\u015bci\u0105 podczas korzystania ze sklepu online z bi\u017cuteri\u0105.","robots":{"index":"index","follow":"follow","max-snippet":"max-snippet:-1","max-image-preview":"max-image-preview:large","max-video-preview":"max-video-preview:-1"},"canonical":"https:\/\/sj-jubiler.com\/?page_id=1397","og_locale":"pl_PL","og_type":"article","og_title":"Polityka Cookies - SJ-JUBILER","og_description":"Polityka cookies sklepu internetowego SJ Jubiler wyja\u015bnia, w jaki spos\u00f3b strona https:\/\/sj-jubiler.com wykorzystuje pliki cookies podczas korzystania z serwisu. Dokument zawiera informacje o rodzajach stosowanych plik\u00f3w cookies, ich celu oraz sposobie zarz\u0105dzania ustawieniami cookies przez u\u017cytkownika. Pliki cookies pomagaj\u0105 w prawid\u0142owym dzia\u0142aniu sklepu internetowego, umo\u017cliwiaj\u0105 realizacj\u0119 zam\u00f3wie\u0144, analiz\u0119 ruchu na stronie oraz dostosowanie tre\u015bci i reklam do preferencji u\u017cytkownik\u00f3w. W polityce cookies znajduj\u0105 si\u0119 r\u00f3wnie\u017c informacje o wykorzystywaniu narz\u0119dzi analitycznych i marketingowych oraz o prawach u\u017cytkownik\u00f3w zwi\u0105zanych z ochron\u0105 danych i prywatno\u015bci\u0105 podczas korzystania ze sklepu online z bi\u017cuteri\u0105.","og_url":"https:\/\/sj-jubiler.com\/?page_id=1397","og_site_name":"SJ-JUBILER","article_publisher":"https:\/\/www.facebook.com\/sjjubilerszczekociny\/?locale=pl_PL","article_modified_time":"2026-03-14T08:55:59+00:00","og_image":[{"width":1500,"height":1000,"url":"https:\/\/sj-jubiler.com\/wp-content\/uploads\/2025\/12\/grafika.jpeg","type":"image\/jpeg"}],"twitter_card":"summary_large_image","twitter_misc":{"Szacowany czas czytania":"2 minuty"},"schema":{"@context":"https:\/\/schema.org","@graph":[{"@type":"WebPage","@id":"https:\/\/sj-jubiler.com\/?page_id=1397","url":"https:\/\/sj-jubiler.com\/?page_id=1397","name":"Polityka Cookies - SJ-JUBILER","isPartOf":{"@id":"https:\/\/sj-jubiler.com\/#website"},"datePublished":"2026-03-14T08:55:57+00:00","dateModified":"2026-03-14T08:55:59+00:00","description":"Polityka cookies sklepu internetowego SJ Jubiler wyja\u015bnia, w jaki spos\u00f3b strona https:\/\/sj-jubiler.com wykorzystuje pliki cookies podczas korzystania z serwisu. Dokument zawiera informacje o rodzajach stosowanych plik\u00f3w cookies, ich celu oraz sposobie zarz\u0105dzania ustawieniami cookies przez u\u017cytkownika. Pliki cookies pomagaj\u0105 w prawid\u0142owym dzia\u0142aniu sklepu internetowego, umo\u017cliwiaj\u0105 realizacj\u0119 zam\u00f3wie\u0144, analiz\u0119 ruchu na stronie oraz dostosowanie tre\u015bci i reklam do preferencji u\u017cytkownik\u00f3w. W polityce cookies znajduj\u0105 si\u0119 r\u00f3wnie\u017c informacje o wykorzystywaniu narz\u0119dzi analitycznych i marketingowych oraz o prawach u\u017cytkownik\u00f3w zwi\u0105zanych z ochron\u0105 danych i prywatno\u015bci\u0105 podczas korzystania ze sklepu online z bi\u017cuteri\u0105.","breadcrumb":{"@id":"https:\/\/sj-jubiler.com\/?page_id=1397#breadcrumb"},"inLanguage":"pl-PL","potentialAction":[{"@type":"ReadAction","target":["https:\/\/sj-jubiler.com\/?page_id=1397"]}]},{"@type":"BreadcrumbList","@id":"https:\/\/sj-jubiler.com\/?page_id=1397#breadcrumb","itemListElement":[{"@type":"ListItem","position":1,"name":"Strona g\u0142\u00f3wna","item":"https:\/\/sj-jubiler.com\/"},{"@type":"ListItem","position":2,"name":"Polityka Cookies"}]},{"@type":"WebSite","@id":"https:\/\/sj-jubiler.com\/#website","url":"https:\/\/sj-jubiler.com\/","name":"SJ JUBILER","description":"","publisher":{"@id":"https:\/\/sj-jubiler.com\/#organization"},"alternateName":"SJ-JUBILER","potentialAction":[{"@type":"SearchAction","target":{"@type":"EntryPoint","urlTemplate":"https:\/\/sj-jubiler.com\/?s={search_term_string}"},"query-input":{"@type":"PropertyValueSpecification","valueRequired":true,"valueName":"search_term_string"}}],"inLanguage":"pl-PL"},{"@type":"Organization","@id":"https:\/\/sj-jubiler.com\/#organization","name":"SJ JUBILER","url":"https:\/\/sj-jubiler.com\/","logo":{"@type":"ImageObject","inLanguage":"pl-PL","@id":"https:\/\/sj-jubiler.com\/#\/schema\/logo\/image\/","url":"http:\/\/sj-jubiler.com\/wp-content\/uploads\/2025\/12\/logo.jpg","contentUrl":"http:\/\/sj-jubiler.com\/wp-content\/uploads\/2025\/12\/logo.jpg","width":1080,"height":1080,"caption":"SJ JUBILER"},"image":{"@id":"https:\/\/sj-jubiler.com\/#\/schema\/logo\/image\/"},"sameAs":["https:\/\/www.facebook.com\/sjjubilerszczekociny\/?locale=pl_PL","https:\/\/www.instagram.com\/s.j.jubiler\/"]}]}},"_links":{"self":[{"href":"https:\/\/sj-jubiler.com\/index.php?rest_route=\/wp\/v2\/pages\/1397","targetHints":{"allow":["GET"]}}],"collection":[{"href":"https:\/\/sj-jubiler.com\/index.php?rest_route=\/wp\/v2\/pages"}],"about":[{"href":"https:\/\/sj-jubiler.com\/index.php?rest_route=\/wp\/v2\/types\/page"}],"author":[{"embeddable":true,"href":"https:\/\/sj-jubiler.com\/index.php?rest_route=\/wp\/v2\/users\/1"}],"replies":[{"embeddable":true,"href":"https:\/\/sj-jubiler.com\/index.php?rest_route=%2Fwp%2Fv2%2Fcomments&post=1397"}],"version-history":[{"count":1,"href":"https:\/\/sj-jubiler.com\/index.php?rest_route=\/wp\/v2\/pages\/1397\/revisions"}],"predecessor-version":[{"id":1398,"href":"https:\/\/sj-jubiler.com\/index.php?rest_route=\/wp\/v2\/pages\/1397\/revisions\/1398"}],"wp:attachment":[{"href":"https:\/\/sj-jubiler.com\/index.php?rest_route=%2Fwp%2Fv2%2Fmedia&parent=1397"}],"curies":[{"name":"wp","href":"https:\/\/api.w.org\/{rel}","templated":true}]}}