{"id":3,"date":"2025-12-29T19:20:33","date_gmt":"2025-12-29T18:20:33","guid":{"rendered":"http:\/\/sj-jubiler.com\/?page_id=3"},"modified":"2026-03-14T22:32:50","modified_gmt":"2026-03-14T21:32:50","slug":"polityka-prywatnosci","status":"publish","type":"page","link":"https:\/\/sj-jubiler.com\/?page_id=3","title":{"rendered":"Polityka prywatno\u015bci"},"content":{"rendered":"\t\t<div data-elementor-type=\"wp-page\" data-elementor-id=\"3\" class=\"elementor elementor-3\">\n\t\t\t\t<div class=\"elementor-element elementor-element-2bbb767f e-flex e-con-boxed e-con e-parent\" data-id=\"2bbb767f\" data-element_type=\"container\" data-e-type=\"container\">\n\t\t\t\t\t<div class=\"e-con-inner\">\n\t\t\t\t<div class=\"elementor-element elementor-element-3a6d7109 elementor-widget elementor-widget-text-editor\" data-id=\"3a6d7109\" data-element_type=\"widget\" data-e-type=\"widget\" data-widget_type=\"text-editor.default\">\n\t\t\t\t\t\t\t\t\t<h2>Kim jeste\u015bmy<\/h2>\n<p><!-- \/wp:heading --><!-- wp:paragraph --><\/p>\n<p>Administratorem danych osobowych jest firma <strong>S.J. S\u0141AWOMIR KLECZ<\/strong>, prowadzona przez przedsi\u0119biorc\u0119 <strong>S\u0142awomira Klecz<\/strong>, prowadz\u0105cego dzia\u0142alno\u015b\u0107 gospodarcz\u0105.<\/p>\n<p style=\"color: #000000; font-size: medium;\" data-start=\"450\" data-end=\"465\"><strong data-start=\"450\" data-end=\"465\">Dane firmy:<\/strong><\/p>\n<ul data-start=\"467\" data-end=\"651\">\n<li style=\"color: #000000; font-size: medium;\" data-section-id=\"ykduo7\" data-start=\"467\" data-end=\"503\">\n<p data-start=\"469\" data-end=\"503\">Nazwa firmy: S.J. S\u0141AWOMIR KLECZ<\/p>\n<\/li>\n<li style=\"color: #000000; font-size: medium;\" data-section-id=\"1qzefld\" data-start=\"504\" data-end=\"534\">\n<p data-start=\"506\" data-end=\"534\">W\u0142a\u015bciciel: S\u0142awomir Klecz<\/p>\n<\/li>\n<li style=\"color: #000000; font-size: medium;\" data-section-id=\"1sjwqwb\" data-start=\"535\" data-end=\"554\">\n<p data-start=\"537\" data-end=\"554\">NIP: 9491639689<\/p>\n<\/li>\n<li style=\"color: #000000; font-size: medium;\" data-section-id=\"1u1l795\" data-start=\"555\" data-end=\"575\">\n<p data-start=\"557\" data-end=\"575\">REGON: 151531855<\/p>\n<\/li>\n<li style=\"color: #000000; font-size: medium;\" data-section-id=\"yv6u2y\" data-start=\"576\" data-end=\"615\">\n<p data-start=\"578\" data-end=\"615\">Adres siedziby: Plac Tadeusza Ko\u015bciuszki 2, 42-445 Szczekociny, Polska<\/p>\n<\/li>\n<li data-section-id=\"5us12u\" data-start=\"616\" data-end=\"651\">\n<p data-start=\"618\" data-end=\"651\"><span style=\"color: #000000; font-size: medium;\">Telefon kontaktowy: +48 600074876<\/span><\/p>\n<\/li>\n<li style=\"color: #000000; font-size: medium;\" data-section-id=\"5us12u\" data-start=\"616\" data-end=\"651\">\n<p data-start=\"618\" data-end=\"651\"><span style=\"letter-spacing: 0px;\">Adres naszej strony internetowej:<\/span><\/p>\n<\/li>\n<\/ul>\n<p style=\"color: #000000; font-size: medium;\" data-start=\"653\" data-end=\"710\"><a href=\"https:\/\/sj-jubiler.com\" target=\"_new\" rel=\"noopener\" data-start=\"689\" data-end=\"710\">https:\/\/sj-jubiler.com<\/a><\/p>\n<p style=\"color: #000000; font-size: medium;\" data-start=\"712\" data-end=\"878\">Administrator dok\u0142ada wszelkich stara\u0144, aby chroni\u0107 prywatno\u015b\u0107 u\u017cytkownik\u00f3w odwiedzaj\u0105cych stron\u0119 internetow\u0105 oraz korzystaj\u0105cych ze sklepu internetowego z bi\u017cuteri\u0105.<\/p>\n<p><!-- \/wp:paragraph --><!-- wp:heading --><\/p>\n<h2>Komentarze<\/h2>\n<p><!-- \/wp:heading --><!-- wp:paragraph --><\/p>\n<p>Kiedy odwiedzaj\u0105cy zostawia komentarz na stronie, zbieramy dane widoczne w formularzu komentowania, a tak\u017ce adres IP odwiedzaj\u0105cego oraz podpis przegl\u0105darki u\u017cytkownika, aby pom\u00f3c w wykrywaniu spamu.<\/p>\n<p><!-- \/wp:paragraph --><!-- wp:paragraph --><\/p>\n<p>Anonimizowany ci\u0105g znak\u00f3w utworzony z adresu e-mail (tzw. hash) mo\u017ce zosta\u0107 przes\u0142any do us\u0142ugi <strong>Gravatar<\/strong> w celu sprawdzenia, czy jest u\u017cywany.<br>Polityka prywatno\u015bci us\u0142ugi Gravatar dost\u0119pna jest pod adresem:<br><a href=\"https:\/\/automattic.com\/privacy\/\">https:\/\/automattic.com\/privacy\/<\/a><\/p>\n<p><!-- \/wp:paragraph --><!-- wp:paragraph --><\/p>\n<p>Po zatwierdzeniu komentarza zdj\u0119cie profilowe u\u017cytkownika jest publicznie widoczne przy jego komentarzu.<\/p>\n<p><!-- \/wp:paragraph --><!-- wp:heading --><\/p>\n<h2>Media<\/h2>\n<p><!-- \/wp:heading --><!-- wp:paragraph --><\/p>\n<p>Je\u015bli jeste\u015b zarejestrowanym u\u017cytkownikiem i przesy\u0142asz obrazy na stron\u0119 internetow\u0105, zalecamy unikanie przesy\u0142ania obraz\u00f3w zawieraj\u0105cych dane lokalizacyjne EXIF.<\/p>\n<p><!-- \/wp:paragraph --><!-- wp:paragraph --><\/p>\n<p>Odwiedzaj\u0105cy witryn\u0119 mog\u0105 pobra\u0107 i odczyta\u0107 pe\u0142ne dane lokalizacyjne z obraz\u00f3w zamieszczonych na stronie.<\/p>\n<p><!-- \/wp:paragraph --><!-- wp:heading --><\/p>\n<h2>Ciasteczka<\/h2>\n<p><!-- \/wp:heading --><!-- wp:paragraph --><\/p>\n<p>Nasza strona wykorzystuje pliki cookies w celu zapewnienia prawid\u0142owego dzia\u0142ania strony oraz poprawy jako\u015bci us\u0142ug.<\/p>\n<p><!-- \/wp:paragraph --><!-- wp:paragraph --><\/p>\n<p>Cookies mog\u0105 by\u0107 wykorzystywane do:<\/p>\n<p><!-- \/wp:paragraph --><!-- wp:list --><\/p>\n<ul>\n<li style=\"list-style-type: none;\">\n<ul><!-- wp:list-item --><\/ul>\n<\/li>\n<\/ul>\n<ul>\n<li style=\"list-style-type: none;\">\n<ul>\n<li>zapami\u0119tywania danych logowania<\/li>\n<\/ul>\n<\/li>\n<\/ul>\n<p><!-- \/wp:list-item --><!-- wp:list-item --><\/p>\n<ul>\n<li style=\"list-style-type: none;\">\n<ul>\n<li>zapami\u0119tywania preferencji u\u017cytkownika<\/li>\n<\/ul>\n<\/li>\n<\/ul>\n<p><!-- \/wp:list-item --><!-- wp:list-item --><\/p>\n<ul>\n<li style=\"list-style-type: none;\">\n<ul>\n<li>prowadzenia statystyk odwiedzin strony<\/li>\n<\/ul>\n<\/li>\n<\/ul>\n<p><!-- \/wp:list-item --><!-- wp:list-item --><\/p>\n<ul>\n<li style=\"list-style-type: none;\">\n<ul>\n<li>poprawy funkcjonalno\u015bci sklepu internetowego<\/li>\n<\/ul>\n<\/li>\n<\/ul>\n<p><!-- \/wp:list-item --><\/p>\n<p><!-- \/wp:list --><!-- wp:paragraph --><\/p>\n<p>Je\u015bli skomentujesz co\u015b w witrynie, mo\u017cesz wybra\u0107 opcj\u0119 zapisu nazwy, adresu e-mail i strony internetowej w plikach cookies. S\u0105 one przechowywane przez rok.<\/p>\n<p><!-- \/wp:paragraph --><!-- wp:paragraph --><\/p>\n<p>Podczas odwiedzin strony logowania tworzony jest tymczasowy plik cookie w celu sprawdzenia czy przegl\u0105darka akceptuje cookies. Nie zawiera on danych osobowych i zostaje usuni\u0119ty po zamkni\u0119ciu przegl\u0105darki.<\/p>\n<p><!-- \/wp:paragraph --><!-- wp:paragraph --><\/p>\n<p>Podczas logowania tworzone s\u0105 dodatkowe pliki cookies zapami\u0119tuj\u0105ce dane logowania oraz ustawienia ekranu.<\/p>\n<p><!-- \/wp:paragraph --><!-- wp:heading --><\/p>\n<h2>Osadzone tre\u015bci z innych witryn<\/h2>\n<p><!-- \/wp:heading --><!-- wp:paragraph --><\/p>\n<p>Artyku\u0142y na tej stronie mog\u0105 zawiera\u0107 osadzone tre\u015bci z innych stron internetowych (np. filmy, zdj\u0119cia, artyku\u0142y).<\/p>\n<p><!-- \/wp:paragraph --><!-- wp:paragraph --><\/p>\n<p>Osadzone tre\u015bci dzia\u0142aj\u0105 tak samo, jakby u\u017cytkownik odwiedzi\u0142 bezpo\u015brednio dan\u0105 stron\u0119 internetow\u0105. Strony te mog\u0105 zbiera\u0107 dane o u\u017cytkownikach, stosowa\u0107 pliki cookies oraz monitorowa\u0107 interakcje z osadzonym materia\u0142em.<\/p>\n<p><!-- \/wp:paragraph --><!-- wp:heading --><\/p>\n<h2>Z kim dzielimy si\u0119 danymi<\/h2>\n<p><!-- \/wp:heading --><!-- wp:paragraph --><\/p>\n<p>Dane u\u017cytkownik\u00f3w mog\u0105 by\u0107 przekazywane wy\u0142\u0105cznie podmiotom wspieraj\u0105cym dzia\u0142anie strony lub realizacj\u0119 us\u0142ug, takim jak:<\/p>\n<p><!-- \/wp:paragraph --><!-- wp:list --><\/p>\n<ul>\n<li style=\"list-style-type: none;\">\n<ul><!-- wp:list-item --><\/ul>\n<\/li>\n<\/ul>\n<ul>\n<li style=\"list-style-type: none;\">\n<ul>\n<li>dostawcy hostingu<\/li>\n<\/ul>\n<\/li>\n<\/ul>\n<p><!-- \/wp:list-item --><!-- wp:list-item --><\/p>\n<ul>\n<li style=\"list-style-type: none;\">\n<ul>\n<li>operatorzy p\u0142atno\u015bci<\/li>\n<\/ul>\n<\/li>\n<\/ul>\n<p><!-- \/wp:list-item --><!-- wp:list-item --><\/p>\n<ul>\n<li style=\"list-style-type: none;\">\n<ul>\n<li>firmy kurierskie realizuj\u0105ce dostawy<\/li>\n<\/ul>\n<\/li>\n<\/ul>\n<p><!-- \/wp:list-item --><!-- wp:list-item --><\/p>\n<ul>\n<li style=\"list-style-type: none;\">\n<ul>\n<li>systemy zabezpiecze\u0144 i antyspamowe<\/li>\n<\/ul>\n<\/li>\n<\/ul>\n<p><!-- \/wp:list-item --><\/p>\n<p><!-- \/wp:list --><!-- wp:paragraph --><\/p>\n<p>Je\u015bli za\u017c\u0105dasz zresetowania has\u0142a, Tw\u00f3j adres IP zostanie do\u0142\u0105czony do wiadomo\u015bci e-mail z linkiem resetuj\u0105cym has\u0142o.<\/p>\n<p><!-- \/wp:paragraph --><!-- wp:heading --><\/p>\n<h2>Jak d\u0142ugo przechowujemy twoje dane<\/h2>\n<p><!-- \/wp:heading --><!-- wp:paragraph --><\/p>\n<p>Je\u015bli pozostawisz komentarz, jego tre\u015b\u0107 i metadane b\u0119d\u0105 przechowywane bezterminowo. Dzi\u0119ki temu mo\u017cliwe jest automatyczne rozpoznawanie i zatwierdzanie kolejnych komentarzy.<\/p>\n<p><!-- \/wp:paragraph --><!-- wp:paragraph --><\/p>\n<p>Dla u\u017cytkownik\u00f3w zarejestrowanych na naszej stronie przechowujemy dane osobowe podane w profilu u\u017cytkownika. Ka\u017cdy u\u017cytkownik mo\u017ce w dowolnym momencie:<\/p>\n<p><!-- \/wp:paragraph --><!-- wp:list --><\/p>\n<ul>\n<li style=\"list-style-type: none;\">\n<ul><!-- wp:list-item --><\/ul>\n<\/li>\n<\/ul>\n<ul>\n<li style=\"list-style-type: none;\">\n<ul>\n<li>zobaczy\u0107 swoje dane<\/li>\n<\/ul>\n<\/li>\n<\/ul>\n<p><!-- \/wp:list-item --><!-- wp:list-item --><\/p>\n<ul>\n<li style=\"list-style-type: none;\">\n<ul>\n<li>poprawi\u0107 je<\/li>\n<\/ul>\n<\/li>\n<\/ul>\n<p><!-- \/wp:list-item --><!-- wp:list-item --><\/p>\n<ul>\n<li style=\"list-style-type: none;\">\n<ul>\n<li>za\u017c\u0105da\u0107 ich usuni\u0119cia<\/li>\n<\/ul>\n<\/li>\n<\/ul>\n<p><!-- \/wp:list-item --><\/p>\n<p><!-- \/wp:list --><!-- wp:paragraph --><\/p>\n<p>Administrator strony r\u00f3wnie\u017c mo\u017ce przegl\u0105da\u0107 i modyfikowa\u0107 te informacje.<\/p>\n<p><!-- \/wp:paragraph --><!-- wp:heading --><\/p>\n<h2>Jakie masz prawa do swoich danych<\/h2>\n<p><!-- \/wp:heading --><!-- wp:paragraph --><\/p>\n<p>Zgodnie z przepisami RODO masz prawo do:<\/p>\n<p><!-- \/wp:paragraph --><!-- wp:list --><\/p>\n<ul>\n<li style=\"list-style-type: none;\">\n<ul><!-- wp:list-item --><\/ul>\n<\/li>\n<\/ul>\n<ul>\n<li style=\"list-style-type: none;\">\n<ul>\n<li>dost\u0119pu do swoich danych<\/li>\n<\/ul>\n<\/li>\n<\/ul>\n<p><!-- \/wp:list-item --><!-- wp:list-item --><\/p>\n<ul>\n<li style=\"list-style-type: none;\">\n<ul>\n<li>sprostowania danych<\/li>\n<\/ul>\n<\/li>\n<\/ul>\n<p><!-- \/wp:list-item --><!-- wp:list-item --><\/p>\n<ul>\n<li style=\"list-style-type: none;\">\n<ul>\n<li>usuni\u0119cia danych<\/li>\n<\/ul>\n<\/li>\n<\/ul>\n<p><!-- \/wp:list-item --><!-- wp:list-item --><\/p>\n<ul>\n<li style=\"list-style-type: none;\">\n<ul>\n<li>ograniczenia przetwarzania danych<\/li>\n<\/ul>\n<\/li>\n<\/ul>\n<p><!-- \/wp:list-item --><!-- wp:list-item --><\/p>\n<ul>\n<li style=\"list-style-type: none;\">\n<ul>\n<li>przenoszenia danych<\/li>\n<\/ul>\n<\/li>\n<\/ul>\n<p><!-- \/wp:list-item --><!-- wp:list-item --><\/p>\n<ul>\n<li style=\"list-style-type: none;\">\n<ul>\n<li>wniesienia sprzeciwu wobec przetwarzania danych<\/li>\n<\/ul>\n<\/li>\n<\/ul>\n<p><!-- \/wp:list-item --><\/p>\n<p><!-- \/wp:list --><!-- wp:paragraph --><\/p>\n<p>Je\u017celi posiadasz konto na stronie lub zostawi\u0142e\u015b komentarz, mo\u017cesz poprosi\u0107 o plik zawieraj\u0105cy wszystkie dane osobowe, kt\u00f3re posiadamy na Tw\u00f3j temat.<\/p>\n<p><!-- \/wp:paragraph --><!-- wp:paragraph --><\/p>\n<p>Mo\u017cesz r\u00f3wnie\u017c za\u017c\u0105da\u0107 usuni\u0119cia wszystkich danych osobowych znajduj\u0105cych si\u0119 w naszym posiadaniu, z wyj\u0105tkiem danych, kt\u00f3re musimy zachowa\u0107 ze wzgl\u0119d\u00f3w prawnych, administracyjnych lub bezpiecze\u0144stwa.<\/p>\n<p><!-- \/wp:paragraph --><!-- wp:paragraph --><\/p>\n<p>W celu realizacji swoich praw prosimy o kontakt telefoniczny lub mailowy.<\/p>\n<p><!-- \/wp:paragraph --><!-- wp:paragraph --><\/p>\n<p>Telefon: <strong>724 631 843<\/strong><\/p>\n<p><!-- \/wp:paragraph --><!-- wp:heading --><\/p>\n<h2>Gdzie wysy\u0142amy twoje dane<\/h2>\n<p><!-- \/wp:heading --><!-- wp:paragraph --><\/p>\n<p>Komentarze u\u017cytkownik\u00f3w mog\u0105 by\u0107 sprawdzane przez automatyczn\u0105 us\u0142ug\u0119 wykrywania spamu.<\/p>\n<h1 data-section-id=\"1onv7o9\" data-start=\"5343\" data-end=\"5366\">Bezpiecze\u0144stwo danych<\/h1>\n<p><\/p>\n<p data-start=\"5368\" data-end=\"5562\">Dok\u0142adamy wszelkich stara\u0144, aby chroni\u0107 dane osobowe u\u017cytkownik\u00f3w poprzez stosowanie odpowiednich \u015brodk\u00f3w technicznych i organizacyjnych, kt\u00f3re zapobiegaj\u0105 nieautoryzowanemu dost\u0119powi do danych.<\/p>\n<h1 data-section-id=\"1miurep\" data-start=\"5569\" data-end=\"5600\">Zmiany w polityce prywatno\u015bci<\/h1>\n<p data-start=\"5368\" data-end=\"5562\">\n<\/p><p data-start=\"5602\" data-end=\"5780\">Zastrzegamy sobie prawo do wprowadzania zmian w niniejszej polityce prywatno\u015bci w celu dostosowania jej do zmian w przepisach prawa lub zmian funkcjonalno\u015bci strony internetowej.<\/p>\n<p data-start=\"5602\" data-end=\"5780\">\n<\/p><p data-start=\"5602\" data-end=\"5780\">\n<\/p><p data-start=\"5862\" data-end=\"5918\"><strong data-start=\"5862\" data-end=\"5918\">Sklep jubilerski online \u2013 bi\u017cuteria wysokiej jako\u015bci<\/strong><\/p>\n<p data-start=\"5602\" data-end=\"5780\">\n<\/p><p data-start=\"5920\" data-end=\"6152\">Nasz sklep internetowy oferuje szeroki wyb\u00f3r bi\u017cuterii, w tym pier\u015bcionki, naszyjniki, bransoletki oraz kolczyki wykonane z wysokiej jako\u015bci materia\u0142\u00f3w. Dbamy o bezpiecze\u0144stwo danych klient\u00f3w oraz wygodne i bezpieczne zakupy online.<\/p>\n<p><!-- \/wp:paragraph --><!-- wp:paragraph --><\/p>\n<p><!-- \/wp:paragraph --><!-- wp:paragraph --><\/p>\n<p><!-- \/wp:paragraph --><\/p>\t\t\t\t\t\t\t\t<\/div>\n\t\t\t\t\t<\/div>\n\t\t\t\t<\/div>\n\t\t\t\t<\/div>\n\t\t","protected":false},"excerpt":{"rendered":"<p>Kim jeste\u015bmy Administratorem danych osobowych jest firma S.J. S\u0141AWOMIR KLECZ, prowadzona przez przedsi\u0119biorc\u0119 S\u0142awomira Klecz, prowadz\u0105cego dzia\u0142alno\u015b\u0107 gospodarcz\u0105. Dane firmy: Nazwa firmy: S.J. S\u0141AWOMIR KLECZ W\u0142a\u015bciciel: S\u0142awomir Klecz NIP: 9491639689 [&hellip;]<\/p>\n","protected":false},"author":1,"featured_media":0,"parent":0,"menu_order":0,"comment_status":"closed","ping_status":"open","template":"","meta":{"footnotes":""},"class_list":["post-3","page","type-page","status-publish","hentry"],"yoast_head":"<!-- This site is optimized with the Yoast SEO plugin v27.4 - https:\/\/yoast.com\/product\/yoast-seo-wordpress\/ -->\n<title>Polityka prywatno\u015bci - SJ-JUBILER<\/title>\n<meta name=\"robots\" content=\"index, follow, max-snippet:-1, max-image-preview:large, max-video-preview:-1\" \/>\n<link rel=\"canonical\" href=\"https:\/\/sj-jubiler.com\/?page_id=3\" \/>\n<meta property=\"og:locale\" content=\"pl_PL\" \/>\n<meta property=\"og:type\" content=\"article\" \/>\n<meta property=\"og:title\" content=\"Polityka prywatno\u015bci - SJ-JUBILER\" \/>\n<meta property=\"og:description\" content=\"Kim jeste\u015bmy Administratorem danych osobowych jest firma S.J. S\u0141AWOMIR KLECZ, prowadzona przez przedsi\u0119biorc\u0119 S\u0142awomira Klecz, prowadz\u0105cego dzia\u0142alno\u015b\u0107 gospodarcz\u0105. Dane firmy: Nazwa firmy: S.J. S\u0141AWOMIR KLECZ W\u0142a\u015bciciel: S\u0142awomir Klecz NIP: 9491639689 [&hellip;]\" \/>\n<meta property=\"og:url\" content=\"https:\/\/sj-jubiler.com\/?page_id=3\" \/>\n<meta property=\"og:site_name\" content=\"SJ-JUBILER\" \/>\n<meta property=\"article:publisher\" content=\"https:\/\/www.facebook.com\/sjjubilerszczekociny\/?locale=pl_PL\" \/>\n<meta property=\"article:modified_time\" content=\"2026-03-14T21:32:50+00:00\" \/>\n<meta property=\"og:image\" content=\"https:\/\/sj-jubiler.com\/wp-content\/uploads\/2025\/12\/grafika.jpeg\" \/>\n\t<meta property=\"og:image:width\" content=\"1500\" \/>\n\t<meta property=\"og:image:height\" content=\"1000\" \/>\n\t<meta property=\"og:image:type\" content=\"image\/jpeg\" \/>\n<meta name=\"twitter:card\" content=\"summary_large_image\" \/>\n<meta name=\"twitter:label1\" content=\"Szacowany czas czytania\" \/>\n\t<meta name=\"twitter:data1\" content=\"4 minuty\" \/>\n<script type=\"application\/ld+json\" class=\"yoast-schema-graph\">{\"@context\":\"https:\\\/\\\/schema.org\",\"@graph\":[{\"@type\":\"WebPage\",\"@id\":\"https:\\\/\\\/sj-jubiler.com\\\/?page_id=3\",\"url\":\"https:\\\/\\\/sj-jubiler.com\\\/?page_id=3\",\"name\":\"Polityka prywatno\u015bci - SJ-JUBILER\",\"isPartOf\":{\"@id\":\"https:\\\/\\\/sj-jubiler.com\\\/#website\"},\"datePublished\":\"2025-12-29T18:20:33+00:00\",\"dateModified\":\"2026-03-14T21:32:50+00:00\",\"breadcrumb\":{\"@id\":\"https:\\\/\\\/sj-jubiler.com\\\/?page_id=3#breadcrumb\"},\"inLanguage\":\"pl-PL\",\"potentialAction\":[{\"@type\":\"ReadAction\",\"target\":[\"https:\\\/\\\/sj-jubiler.com\\\/?page_id=3\"]}]},{\"@type\":\"BreadcrumbList\",\"@id\":\"https:\\\/\\\/sj-jubiler.com\\\/?page_id=3#breadcrumb\",\"itemListElement\":[{\"@type\":\"ListItem\",\"position\":1,\"name\":\"Strona g\u0142\u00f3wna\",\"item\":\"https:\\\/\\\/sj-jubiler.com\\\/\"},{\"@type\":\"ListItem\",\"position\":2,\"name\":\"Polityka prywatno\u015bci\"}]},{\"@type\":\"WebSite\",\"@id\":\"https:\\\/\\\/sj-jubiler.com\\\/#website\",\"url\":\"https:\\\/\\\/sj-jubiler.com\\\/\",\"name\":\"SJ JUBILER\",\"description\":\"\",\"publisher\":{\"@id\":\"https:\\\/\\\/sj-jubiler.com\\\/#organization\"},\"alternateName\":\"SJ-JUBILER\",\"potentialAction\":[{\"@type\":\"SearchAction\",\"target\":{\"@type\":\"EntryPoint\",\"urlTemplate\":\"https:\\\/\\\/sj-jubiler.com\\\/?s={search_term_string}\"},\"query-input\":{\"@type\":\"PropertyValueSpecification\",\"valueRequired\":true,\"valueName\":\"search_term_string\"}}],\"inLanguage\":\"pl-PL\"},{\"@type\":\"Organization\",\"@id\":\"https:\\\/\\\/sj-jubiler.com\\\/#organization\",\"name\":\"SJ JUBILER\",\"url\":\"https:\\\/\\\/sj-jubiler.com\\\/\",\"logo\":{\"@type\":\"ImageObject\",\"inLanguage\":\"pl-PL\",\"@id\":\"https:\\\/\\\/sj-jubiler.com\\\/#\\\/schema\\\/logo\\\/image\\\/\",\"url\":\"http:\\\/\\\/sj-jubiler.com\\\/wp-content\\\/uploads\\\/2025\\\/12\\\/logo.jpg\",\"contentUrl\":\"http:\\\/\\\/sj-jubiler.com\\\/wp-content\\\/uploads\\\/2025\\\/12\\\/logo.jpg\",\"width\":1080,\"height\":1080,\"caption\":\"SJ JUBILER\"},\"image\":{\"@id\":\"https:\\\/\\\/sj-jubiler.com\\\/#\\\/schema\\\/logo\\\/image\\\/\"},\"sameAs\":[\"https:\\\/\\\/www.facebook.com\\\/sjjubilerszczekociny\\\/?locale=pl_PL\",\"https:\\\/\\\/www.instagram.com\\\/s.j.jubiler\\\/\"]}]}<\/script>\n<!-- \/ Yoast SEO plugin. -->","yoast_head_json":{"title":"Polityka prywatno\u015bci - SJ-JUBILER","robots":{"index":"index","follow":"follow","max-snippet":"max-snippet:-1","max-image-preview":"max-image-preview:large","max-video-preview":"max-video-preview:-1"},"canonical":"https:\/\/sj-jubiler.com\/?page_id=3","og_locale":"pl_PL","og_type":"article","og_title":"Polityka prywatno\u015bci - SJ-JUBILER","og_description":"Kim jeste\u015bmy Administratorem danych osobowych jest firma S.J. S\u0141AWOMIR KLECZ, prowadzona przez przedsi\u0119biorc\u0119 S\u0142awomira Klecz, prowadz\u0105cego dzia\u0142alno\u015b\u0107 gospodarcz\u0105. Dane firmy: Nazwa firmy: S.J. S\u0141AWOMIR KLECZ W\u0142a\u015bciciel: S\u0142awomir Klecz NIP: 9491639689 [&hellip;]","og_url":"https:\/\/sj-jubiler.com\/?page_id=3","og_site_name":"SJ-JUBILER","article_publisher":"https:\/\/www.facebook.com\/sjjubilerszczekociny\/?locale=pl_PL","article_modified_time":"2026-03-14T21:32:50+00:00","og_image":[{"width":1500,"height":1000,"url":"https:\/\/sj-jubiler.com\/wp-content\/uploads\/2025\/12\/grafika.jpeg","type":"image\/jpeg"}],"twitter_card":"summary_large_image","twitter_misc":{"Szacowany czas czytania":"4 minuty"},"schema":{"@context":"https:\/\/schema.org","@graph":[{"@type":"WebPage","@id":"https:\/\/sj-jubiler.com\/?page_id=3","url":"https:\/\/sj-jubiler.com\/?page_id=3","name":"Polityka prywatno\u015bci - SJ-JUBILER","isPartOf":{"@id":"https:\/\/sj-jubiler.com\/#website"},"datePublished":"2025-12-29T18:20:33+00:00","dateModified":"2026-03-14T21:32:50+00:00","breadcrumb":{"@id":"https:\/\/sj-jubiler.com\/?page_id=3#breadcrumb"},"inLanguage":"pl-PL","potentialAction":[{"@type":"ReadAction","target":["https:\/\/sj-jubiler.com\/?page_id=3"]}]},{"@type":"BreadcrumbList","@id":"https:\/\/sj-jubiler.com\/?page_id=3#breadcrumb","itemListElement":[{"@type":"ListItem","position":1,"name":"Strona g\u0142\u00f3wna","item":"https:\/\/sj-jubiler.com\/"},{"@type":"ListItem","position":2,"name":"Polityka prywatno\u015bci"}]},{"@type":"WebSite","@id":"https:\/\/sj-jubiler.com\/#website","url":"https:\/\/sj-jubiler.com\/","name":"SJ JUBILER","description":"","publisher":{"@id":"https:\/\/sj-jubiler.com\/#organization"},"alternateName":"SJ-JUBILER","potentialAction":[{"@type":"SearchAction","target":{"@type":"EntryPoint","urlTemplate":"https:\/\/sj-jubiler.com\/?s={search_term_string}"},"query-input":{"@type":"PropertyValueSpecification","valueRequired":true,"valueName":"search_term_string"}}],"inLanguage":"pl-PL"},{"@type":"Organization","@id":"https:\/\/sj-jubiler.com\/#organization","name":"SJ JUBILER","url":"https:\/\/sj-jubiler.com\/","logo":{"@type":"ImageObject","inLanguage":"pl-PL","@id":"https:\/\/sj-jubiler.com\/#\/schema\/logo\/image\/","url":"http:\/\/sj-jubiler.com\/wp-content\/uploads\/2025\/12\/logo.jpg","contentUrl":"http:\/\/sj-jubiler.com\/wp-content\/uploads\/2025\/12\/logo.jpg","width":1080,"height":1080,"caption":"SJ JUBILER"},"image":{"@id":"https:\/\/sj-jubiler.com\/#\/schema\/logo\/image\/"},"sameAs":["https:\/\/www.facebook.com\/sjjubilerszczekociny\/?locale=pl_PL","https:\/\/www.instagram.com\/s.j.jubiler\/"]}]}},"_links":{"self":[{"href":"https:\/\/sj-jubiler.com\/index.php?rest_route=\/wp\/v2\/pages\/3","targetHints":{"allow":["GET"]}}],"collection":[{"href":"https:\/\/sj-jubiler.com\/index.php?rest_route=\/wp\/v2\/pages"}],"about":[{"href":"https:\/\/sj-jubiler.com\/index.php?rest_route=\/wp\/v2\/types\/page"}],"author":[{"embeddable":true,"href":"https:\/\/sj-jubiler.com\/index.php?rest_route=\/wp\/v2\/users\/1"}],"replies":[{"embeddable":true,"href":"https:\/\/sj-jubiler.com\/index.php?rest_route=%2Fwp%2Fv2%2Fcomments&post=3"}],"version-history":[{"count":16,"href":"https:\/\/sj-jubiler.com\/index.php?rest_route=\/wp\/v2\/pages\/3\/revisions"}],"predecessor-version":[{"id":1414,"href":"https:\/\/sj-jubiler.com\/index.php?rest_route=\/wp\/v2\/pages\/3\/revisions\/1414"}],"wp:attachment":[{"href":"https:\/\/sj-jubiler.com\/index.php?rest_route=%2Fwp%2Fv2%2Fmedia&parent=3"}],"curies":[{"name":"wp","href":"https:\/\/api.w.org\/{rel}","templated":true}]}}